{"id":8337,"date":"2025-05-13T02:20:28","date_gmt":"2025-05-12T23:20:28","guid":{"rendered":"https:\/\/efsan.com\/solutions\/systemes-de-ventilation-des-centrales-electriques\/"},"modified":"2025-11-06T14:51:05","modified_gmt":"2025-11-06T11:51:05","slug":"systemes-de-ventilation-des-centrales-electriques","status":"publish","type":"page","link":"https:\/\/efsan.com\/fr\/solutions\/systemes-de-ventilation-des-centrales-electriques\/","title":{"rendered":"Syst\u00e8mes de ventilation des centrales \u00e9lectriques"},"content":{"rendered":"<p><div class=\"fusion-fullwidth fullwidth-box fusion-builder-row-1 fusion-flex-container has-pattern-background has-mask-background hundred-percent-fullwidth non-hundred-percent-height-scrolling\" style=\"--awb-border-radius-top-left:0px;--awb-border-radius-top-right:0px;--awb-border-radius-bottom-right:0px;--awb-border-radius-bottom-left:0px;--awb-padding-right:72px;--awb-padding-left:72px;--awb-padding-right-small:30px;--awb-padding-left-small:30px;--awb-flex-wrap:wrap;\" ><div class=\"fusion-builder-row fusion-row fusion-flex-align-items-flex-start fusion-flex-content-wrap\" style=\"width:103% !important;max-width:103% !important;margin-left: calc(-3% \/ 2 );margin-right: calc(-3% \/ 2 );\"><div class=\"fusion-layout-column fusion_builder_column fusion-builder-column-0 fusion_builder_column_1_1 1_1 fusion-flex-column\" style=\"--awb-padding-top:120px;--awb-padding-right:72px;--awb-padding-bottom:120px;--awb-padding-left:72px;--awb-padding-bottom-medium:72px;--awb-padding-bottom-small:80px;--awb-overflow:hidden;--awb-bg-position:center center;--awb-bg-size:cover;--awb-border-radius:20px 20px 20px 20px;--awb-width-large:100%;--awb-spacing-right-large:1.455%;--awb-margin-bottom-large:0px;--awb-spacing-left-large:1.455%;--awb-width-medium:100%;--awb-order-medium:0;--awb-spacing-right-medium:1.455%;--awb-margin-bottom-medium:40px;--awb-spacing-left-medium:1.455%;--awb-width-small:100%;--awb-order-small:0;--awb-spacing-right-small:1.455%;--awb-spacing-left-small:1.455%;\" data-scroll-devices=\"small-visibility,medium-visibility,large-visibility\"><div class=\"fusion-column-wrapper lazyload fusion-column-has-shadow fusion-flex-justify-content-flex-start fusion-content-layout-column fusion-column-has-bg-image\" data-bg-url=\"https:\/\/efsan.com\/wp-content\/uploads\/2025\/05\/enerji-santrali.webp\" data-bg=\"https:\/\/efsan.com\/wp-content\/uploads\/2025\/05\/enerji-santrali.webp\"><div class=\"fusion-title title fusion-title-1 fusion-sep-none fusion-title-center fusion-title-text fusion-title-size-one\" style=\"--awb-text-color:var(--awb-color1);--awb-font-size:52px;\"><h1 class=\"fusion-title-heading title-heading-center fusion-responsive-typography-calculated\" style=\"margin:0;font-size:1em;--fontSize:52;line-height:var(--awb-typography1-line-height);\">Syst\u00e8mes de ventilation des centrales \u00e9lectriques<\/h1><\/div><nav class=\"fusion-breadcrumbs fusion-breadcrumbs-1\" style=\"--awb-margin-bottom:12px;--awb-alignment:center;--awb-text-color:var(--awb-color1);--awb-breadcrumb-sep:&#039;|&#039;;text-align:center;\" aria-label=\"Breadcrumb\"><ol class=\"awb-breadcrumb-list\"><\/ol><\/nav><\/div><\/div><\/div><\/div><div class=\"fusion-fullwidth fullwidth-box fusion-builder-row-2 fusion-flex-container has-pattern-background has-mask-background nonhundred-percent-fullwidth non-hundred-percent-height-scrolling\" style=\"--awb-border-radius-top-left:0px;--awb-border-radius-top-right:0px;--awb-border-radius-bottom-right:0px;--awb-border-radius-bottom-left:0px;--awb-padding-top:20px;--awb-padding-bottom:20px;--awb-flex-wrap:wrap;\" ><div class=\"fusion-builder-row fusion-row fusion-flex-align-items-flex-start fusion-flex-content-wrap\" style=\"max-width:1442px;margin-left: calc(-3% \/ 2 );margin-right: calc(-3% \/ 2 );\"><div class=\"fusion-layout-column fusion_builder_column fusion-builder-column-1 fusion_builder_column_2_3 2_3 fusion-flex-column\" style=\"--awb-padding-top:20px;--awb-padding-right:10px;--awb-padding-left:10px;--awb-padding-right-small:0px;--awb-padding-left-small:0px;--awb-bg-size:cover;--awb-width-large:66.666666666667%;--awb-spacing-right-large:1.455%;--awb-margin-bottom-large:0px;--awb-spacing-left-large:1.455%;--awb-width-medium:66.666666666667%;--awb-order-medium:0;--awb-spacing-right-medium:1.455%;--awb-spacing-left-medium:1.455%;--awb-width-small:100%;--awb-order-small:2;--awb-spacing-right-small:1.455%;--awb-margin-bottom-small:60px;--awb-spacing-left-small:1.455%;\"><div class=\"fusion-column-wrapper fusion-column-has-shadow fusion-flex-justify-content-flex-start fusion-content-layout-column\"><div class=\"fusion-text fusion-text-1 fusion-text-no-margin\" style=\"--awb-font-size:var(--awb-typography2-font-size);--awb-line-height:var(--awb-typography2-line-height);--awb-letter-spacing:var(--awb-typography2-letter-spacing);--awb-text-transform:var(--awb-typography2-text-transform);--awb-margin-bottom:10px;--awb-text-font-family:var(--awb-typography2-font-family);--awb-text-font-weight:var(--awb-typography2-font-weight);--awb-text-font-style:var(--awb-typography2-font-style);\"><p>25 ans d&rsquo;exp\u00e9rience et d&rsquo;ing\u00e9nierie pour g\u00e9rer la technologie de l&rsquo;air<\/p>\n<\/div><div class=\"fusion-title title fusion-title-2 fusion-sep-none fusion-title-text fusion-title-size-two\" style=\"--awb-margin-bottom-small:30px;\"><h2 class=\"fusion-title-heading title-heading-left fusion-responsive-typography-calculated\" style=\"margin:0;--fontSize:42;line-height:var(--awb-typography1-line-height);\">Syst\u00e8mes de ventilation des centrales \u00e9lectriques<\/h2><\/div><div class=\"fusion-text fusion-text-2 fusion-text-no-margin\" style=\"--awb-margin-bottom:10px;\"><p>Les centrales \u00e9lectriques - qu&rsquo;elles soient thermiques, \u00e0 biomasse ou g\u00e9othermiques - doivent assurer une production d&rsquo;\u00e9nergie continue et fiable. Les syst\u00e8mes de ventilation de ces centrales sont au c\u0153ur de nombreux processus critiques, depuis l&rsquo;efficacit\u00e9 de la combustion et le contr\u00f4le des \u00e9missions jusqu&rsquo;\u00e0 l&rsquo;\u00e9vacuation des gaz et le refroidissement des turbines. L&rsquo;environnement op\u00e9rationnel se caract\u00e9rise par des temp\u00e9ratures \u00e9lev\u00e9es, des gaz corrosifs et des op\u00e9rations \u00e0 forte charge, ce qui exige une conception sp\u00e9cialis\u00e9e, une qualit\u00e9 sup\u00e9rieure des mat\u00e9riaux et une fiabilit\u00e9 exceptionnelle.<\/p>\n<p>En tant qu&rsquo;Efsan Makina, nous concevons, fabriquons et mettons en service des <strong>syst\u00e8mes de ventilation cl\u00e9s en main pour r\u00e9pondre aux besoins sp\u00e9cifiques et complexes des centrales \u00e9lectriques<\/strong>. Nous contribuons \u00e0 la production d&rsquo;\u00e9nergie ininterrompue et efficace de votre centrale gr\u00e2ce \u00e0 nos longues ann\u00e9es d&rsquo;exp\u00e9rience en ing\u00e9nierie et \u00e0 une qualit\u00e9 de production conforme aux normes internationales.<\/p>\n<\/div><div class=\"fusion-builder-row fusion-builder-row-inner fusion-row fusion-flex-align-items-flex-start fusion-flex-content-wrap\" style=\"width:103% !important;max-width:103% !important;margin-left: calc(-3% \/ 2 );margin-right: calc(-3% \/ 2 );\"><div class=\"fusion-layout-column fusion_builder_column_inner fusion-builder-nested-column-0 fusion_builder_column_inner_1_6 1_6 fusion-flex-column\" style=\"--awb-padding-top:10px;--awb-padding-right:10px;--awb-bg-size:cover;--awb-width-large:16.666666666667%;--awb-spacing-right-large:8.73%;--awb-margin-bottom-large:0px;--awb-spacing-left-large:8.73%;--awb-width-medium:16.666666666667%;--awb-order-medium:0;--awb-spacing-right-medium:8.73%;--awb-spacing-left-medium:8.73%;--awb-width-small:100%;--awb-order-small:0;--awb-spacing-right-small:1.455%;--awb-spacing-left-small:1.455%;\"><div class=\"fusion-column-wrapper fusion-column-has-shadow fusion-flex-justify-content-flex-start fusion-content-layout-column\"><i class=\"fb-icon-element-1 fb-icon-element fontawesome-icon awb-recruitment-arrow circle-no fusion-text-flow\" style=\"--awb-iconcolor:var(--awb-custom_color_2);--awb-iconcolor-hover:var(--awb-color4);--awb-font-size:34px;--awb-margin-bottom:30px;\"><\/i><div class=\"fusion-separator fusion-full-width-sep\" style=\"align-self: center;margin-left: auto;margin-right: auto;margin-top:10px;margin-bottom:20px;width:100%;\"><div class=\"fusion-separator-border sep-single sep-solid\" style=\"--awb-height:20px;--awb-amount:20px;border-color:var(--awb-color3);border-top-width:1px;\"><\/div><\/div><\/div><\/div><div class=\"fusion-layout-column fusion_builder_column_inner fusion-builder-nested-column-1 fusion_builder_column_inner_5_6 5_6 fusion-flex-column\" style=\"--awb-padding-right:40px;--awb-bg-size:cover;--awb-width-large:83.333333333333%;--awb-spacing-right-large:1.746%;--awb-margin-bottom-large:0px;--awb-spacing-left-large:1.746%;--awb-width-medium:83.333333333333%;--awb-order-medium:0;--awb-spacing-right-medium:1.746%;--awb-spacing-left-medium:1.746%;--awb-width-small:100%;--awb-order-small:0;--awb-spacing-right-small:1.455%;--awb-margin-bottom-small:60px;--awb-spacing-left-small:1.455%;\"><div class=\"fusion-column-wrapper fusion-column-has-shadow fusion-flex-justify-content-flex-start fusion-content-layout-column\"><div class=\"fusion-title title fusion-title-3 fusion-sep-none fusion-title-text fusion-title-size-five\" style=\"--awb-margin-bottom:10px;\"><h5 class=\"fusion-title-heading title-heading-left fusion-responsive-typography-calculated\" style=\"margin:0;--fontSize:24;line-height:1.4;\">Diff\u00e9rence Efsan dans les syst\u00e8mes de ventilation des centrales \u00e9lectriques<\/h5><\/div><div class=\"fusion-text fusion-text-3 fusion-text-no-margin\" style=\"--awb-font-size:var(--awb-typography5-font-size);--awb-line-height:var(--awb-typography5-line-height);--awb-letter-spacing:var(--awb-typography5-letter-spacing);--awb-text-transform:var(--awb-typography5-text-transform);--awb-margin-bottom:0px;--awb-text-font-family:var(--awb-typography5-font-family);--awb-text-font-weight:var(--awb-typography5-font-weight);--awb-text-font-style:var(--awb-typography5-font-style);\"><p>Les ventilateurs utilis\u00e9s dans les centrales \u00e9lectriques sont g\u00e9n\u00e9ralement de <strong>grande taille et de forte puissance (jusqu&rsquo;\u00e0 8 000 kW)<\/strong> et doivent r\u00e9sister \u00e0 des conditions de traitement difficiles. Les solutions d&rsquo;Efsan Makina dans ce domaine se concentrent sur les d\u00e9fis cl\u00e9s suivants :<\/p>\n<ul>\n<li><strong>Environnements \u00e0 haute temp\u00e9rature et corrosifs :<\/strong> Les applications telles que l&rsquo;alimentation des chaudi\u00e8res (ventilateur ID, ventilateur FD), le traitement des gaz de combustion (ventilateur Booster) et la circulation des gaz chauds exposent les ventilateurs \u00e0 des temp\u00e9ratures pouvant atteindre 1200\u00b0C et \u00e0 des gaz corrosifs. <strong>Solution Efsan :<\/strong> nous prolongeons la dur\u00e9e de vie de nos ventilateurs en utilisant des alliages sp\u00e9ciaux, des <strong>mat\u00e9riaux r\u00e9sistants aux hautes temp\u00e9ratures et \u00e0 la corrosion<\/strong> (par exemple, l&rsquo;acier inoxydable, les rev\u00eatements sp\u00e9ciaux) et en mettant en \u0153uvre des conceptions qui minimisent les dilatations thermiques.<\/li>\n<li><strong>Charge de poussi\u00e8re et de particules :<\/strong> Les charges de poussi\u00e8res denses, de la poussi\u00e8re de charbon aux particules de cendres, entra\u00eenent une usure et des d\u00e9p\u00f4ts sur les pales du ventilateur. <strong>Solution Efsan :<\/strong> Nous utilisons des <strong>roues et des volutes renforc\u00e9es par une armure en acier r\u00e9sistant \u00e0 l&rsquo;usure<\/strong> et r\u00e9duisons le risque de colmatage gr\u00e2ce \u00e0 des profils a\u00e9rodynamiques autonettoyants.<\/li>\n<li><strong>Efficacit\u00e9 \u00e9nerg\u00e9tique et co\u00fbts d&rsquo;exploitation :<\/strong> Pour les centrales \u00e9lectriques, la consommation d \u00ab \u00e9nergie a une incidence directe sur les co\u00fbts de production. Le fonctionnement efficace des ventilateurs est essentiel pour r\u00e9duire les co\u00fbts d&rsquo;exploitation globaux. <strong>Solution Efsan :<\/strong> Gr\u00e2ce \u00e0 des <strong>optimisations a\u00e9rodynamiques<\/strong> sp\u00e9cifiques au processus et \u00e0 des <strong>syst\u00e8mes contr\u00f4l\u00e9s par onduleur (VFD)<\/strong>, nous veillons \u00e0 ce que nos ventilateurs fonctionnent avec la plus grande efficacit\u00e9 \u00e0 pleine charge et \u00e0 charge partielle. Il en r\u00e9sulte des <strong>\u00e9conomies d \u00bb \u00e9nergie significatives<\/strong> et une empreinte carbone r\u00e9duite.<\/li>\n<li><strong>Fiabilit\u00e9 et fonctionnement ininterrompu :<\/strong> Les temps d&rsquo;arr\u00eat impr\u00e9vus entra\u00eenent des co\u00fbts et des pertes de production consid\u00e9rables pour les centrales \u00e9lectriques. <strong>Solution Efsan :<\/strong> Gr\u00e2ce \u00e0 des conceptions structurelles robustes, \u00e0 un \u00e9quilibrage pr\u00e9cis et \u00e0 des syst\u00e8mes de surveillance des vibrations, nous garantissons une <strong>disponibilit\u00e9 et une fiabilit\u00e9 maximales de nos<\/strong> ventilateurs.<\/li>\n<\/ul>\n<\/div><\/div><\/div><div class=\"fusion-layout-column fusion_builder_column_inner fusion-builder-nested-column-2 fusion_builder_column_inner_1_6 1_6 fusion-flex-column\" style=\"--awb-padding-top:10px;--awb-padding-right:10px;--awb-bg-size:cover;--awb-width-large:16.666666666667%;--awb-spacing-right-large:8.73%;--awb-margin-bottom-large:0px;--awb-spacing-left-large:8.73%;--awb-width-medium:16.666666666667%;--awb-order-medium:0;--awb-spacing-right-medium:8.73%;--awb-spacing-left-medium:8.73%;--awb-width-small:100%;--awb-order-small:0;--awb-spacing-right-small:1.455%;--awb-spacing-left-small:1.455%;\"><div class=\"fusion-column-wrapper fusion-column-has-shadow fusion-flex-justify-content-flex-start fusion-content-layout-column\"><i class=\"fb-icon-element-2 fb-icon-element fontawesome-icon awb-recruitment-arrow circle-no fusion-text-flow\" style=\"--awb-iconcolor:var(--awb-custom_color_2);--awb-iconcolor-hover:var(--awb-color4);--awb-font-size:34px;--awb-margin-bottom:30px;\"><\/i><div class=\"fusion-separator fusion-full-width-sep\" style=\"align-self: center;margin-left: auto;margin-right: auto;margin-top:10px;margin-bottom:20px;width:100%;\"><div class=\"fusion-separator-border sep-single sep-solid\" style=\"--awb-height:20px;--awb-amount:20px;border-color:var(--awb-color3);border-top-width:1px;\"><\/div><\/div><\/div><\/div><div class=\"fusion-layout-column fusion_builder_column_inner fusion-builder-nested-column-3 fusion_builder_column_inner_5_6 5_6 fusion-flex-column\" style=\"--awb-padding-right:40px;--awb-bg-size:cover;--awb-width-large:83.333333333333%;--awb-spacing-right-large:1.746%;--awb-margin-bottom-large:0px;--awb-spacing-left-large:1.746%;--awb-width-medium:83.333333333333%;--awb-order-medium:0;--awb-spacing-right-medium:1.746%;--awb-spacing-left-medium:1.746%;--awb-width-small:100%;--awb-order-small:0;--awb-spacing-right-small:1.455%;--awb-margin-bottom-small:60px;--awb-spacing-left-small:1.455%;\"><div class=\"fusion-column-wrapper fusion-column-has-shadow fusion-flex-justify-content-flex-start fusion-content-layout-column\"><div class=\"fusion-title title fusion-title-4 fusion-sep-none fusion-title-text fusion-title-size-five\" style=\"--awb-margin-bottom:10px;\"><h5 class=\"fusion-title-heading title-heading-left fusion-responsive-typography-calculated\" style=\"margin:0;--fontSize:24;line-height:1.4;\">La valeur ajout\u00e9e d&rsquo;Efsan Makina aux centrales \u00e9lectriques<\/h5><\/div><div class=\"fusion-text fusion-text-4 fusion-text-no-margin\" style=\"--awb-font-size:var(--awb-typography5-font-size);--awb-line-height:var(--awb-typography5-line-height);--awb-letter-spacing:var(--awb-typography5-letter-spacing);--awb-text-transform:var(--awb-typography5-text-transform);--awb-margin-bottom:0px;--awb-text-font-family:var(--awb-typography5-font-family);--awb-text-font-weight:var(--awb-typography5-font-weight);--awb-text-font-style:var(--awb-typography5-font-style);\"><ul>\n<li><strong>Ing\u00e9nierie ax\u00e9e sur les processus :<\/strong> En analysant les besoins sp\u00e9cifiques et les conditions de traitement de chaque centrale \u00e9lectrique, nous concevons <strong>les solutions de ventilation les plus adapt\u00e9es et les plus personnalis\u00e9es<\/strong>. Notre \u00e9quipe d&rsquo;ing\u00e9nieurs travaille avec vous tout au long du processus, depuis l&rsquo;analyse compl\u00e8te du syst\u00e8me et la s\u00e9lection des ventilateurs jusqu&rsquo;\u00e0 la mise en service finale.<\/li>\n<li><strong>Large gamme de produits :<\/strong> Ventilateurs ID (tirage induit), ventilateurs FD (tirage forc\u00e9), ventilateurs PA (air primaire), ventilateurs de circulation des gaz, ventilateurs de gaz de combustion et ventilateurs de manutention des cendres.<\/li>\n<li><strong>Service et maintenance complets :<\/strong> Gr\u00e2ce \u00e0 nos services complets tels que l&rsquo;installation, la mise en service, l&rsquo;\u00e9quilibrage sur site, l&rsquo;analyse des vibrations, l&rsquo;entretien p\u00e9riodique et la fourniture de pi\u00e8ces de rechange d&rsquo;origine, nous veillons \u00e0 ce que vos syst\u00e8mes de ventilation fonctionnent avec des performances \u00e9lev\u00e9es tout au long de leur dur\u00e9e de vie et nous assurons votre continuit\u00e9 op\u00e9rationnelle.<\/li>\n<li><strong>Conformit\u00e9 aux normes internationales :<\/strong> nos ventilateurs sont fabriqu\u00e9s conform\u00e9ment aux normes nationales et internationales de qualit\u00e9 et de s\u00e9curit\u00e9 (par exemple ISO, AMCA) dans le secteur de l&rsquo;\u00e9nergie.<\/li>\n<\/ul>\n<p>Si vous avez besoin d&rsquo;un syst\u00e8me de ventilation fiable, performant et \u00e9conome en \u00e9nergie pour votre centrale \u00e9lectrique, vous pouvez compter sur l&rsquo;exp\u00e9rience et l&rsquo;expertise technique d&rsquo;Efsan Makina dans ce secteur. Contactez-nous pour en savoir plus sur vos projets et d\u00e9couvrir nos solutions personnalis\u00e9es pour votre installation.<\/p>\n<\/div><\/div><\/div><\/div><\/div><\/div><div class=\"fusion-layout-column fusion_builder_column fusion-builder-column-2 fusion_builder_column_1_3 1_3 fusion-flex-column fusion-flex-align-self-stretch\" style=\"--awb-padding-top-small:200px;--awb-padding-bottom-small:200px;--awb-overflow:hidden;--awb-bg-position:center center;--awb-bg-size:cover;--awb-border-radius:20px 20px 20px 20px;--awb-width-large:33.333333333333%;--awb-spacing-right-large:2.037%;--awb-margin-bottom-large:0px;--awb-spacing-left-large:2.619%;--awb-width-medium:33.333333333333%;--awb-order-medium:0;--awb-spacing-right-medium:2.037%;--awb-spacing-left-medium:2.619%;--awb-width-small:100%;--awb-order-small:1;--awb-spacing-right-small:1.455%;--awb-margin-bottom-small:48px;--awb-spacing-left-small:1.455%;\" data-scroll-devices=\"small-visibility,medium-visibility,large-visibility\"><div class=\"fusion-column-wrapper lazyload fusion-column-has-shadow fusion-flex-justify-content-flex-start fusion-content-layout-column fusion-column-has-bg-image\" data-bg-url=\"https:\/\/efsan.com\/wp-content\/uploads\/2025\/06\/enerji-santrali-cozum.webp\" data-bg=\"https:\/\/efsan.com\/wp-content\/uploads\/2025\/06\/enerji-santrali-cozum.webp\"><div class=\"fusion-separator fusion-full-width-sep\" style=\"align-self: center;margin-left: auto;margin-right: auto;width:100%;\"><\/div><\/div><\/div><\/div><\/div><div class=\"fusion-fullwidth fullwidth-box fusion-builder-row-3 fusion-flex-container has-pattern-background has-mask-background nonhundred-percent-fullwidth non-hundred-percent-height-scrolling\" style=\"--awb-border-radius-top-left:0px;--awb-border-radius-top-right:0px;--awb-border-radius-bottom-right:0px;--awb-border-radius-bottom-left:0px;--awb-padding-top:20px;--awb-padding-bottom:20px;--awb-flex-wrap:wrap;\" ><div class=\"fusion-builder-row fusion-row fusion-flex-align-items-flex-start fusion-flex-content-wrap\" style=\"max-width:1442px;margin-left: calc(-3% \/ 2 );margin-right: calc(-3% \/ 2 );\"><div class=\"fusion-layout-column fusion_builder_column fusion-builder-column-3 fusion_builder_column_1_1 1_1 fusion-flex-column\" style=\"--awb-padding-top:64px;--awb-padding-right:80px;--awb-padding-bottom:64px;--awb-padding-left:80px;--awb-padding-top-small:48px;--awb-padding-right-small:64px;--awb-padding-bottom-small:48px;--awb-padding-left-small:64px;--awb-overflow:hidden;--awb-bg-color:var(--awb-color4);--awb-bg-color-hover:var(--awb-color4);--awb-bg-position:center center;--awb-bg-blend:multiply;--awb-bg-size:cover;--awb-border-radius:20px 20px 20px 20px;--awb-width-large:100%;--awb-spacing-right-large:1.455%;--awb-margin-bottom-large:0px;--awb-spacing-left-large:1.455%;--awb-width-medium:100%;--awb-order-medium:0;--awb-spacing-right-medium:1.455%;--awb-spacing-left-medium:1.455%;--awb-width-small:100%;--awb-order-small:0;--awb-spacing-right-small:1.455%;--awb-spacing-left-small:1.455%;\" data-scroll-devices=\"small-visibility,medium-visibility,large-visibility\"><div class=\"fusion-column-wrapper lazyload fusion-column-has-shadow fusion-flex-justify-content-flex-start fusion-content-layout-column fusion-column-has-bg-image\" data-bg-url=\"https:\/\/efsan.com\/wp-content\/uploads\/2024\/11\/cta-bg-1.png\" data-bg=\"https:\/\/efsan.com\/wp-content\/uploads\/2024\/11\/cta-bg-1.png\"><div class=\"fusion-title title fusion-title-5 fusion-sep-none fusion-title-text fusion-title-size-three\" style=\"--awb-text-color:var(--awb-color1);--awb-margin-bottom:32px;--awb-margin-bottom-small:40px;\"><h3 class=\"fusion-title-heading title-heading-left fusion-responsive-typography-calculated\" style=\"margin:0;--fontSize:36;line-height:var(--awb-typography1-line-height);\">Rendement \u00e9lev\u00e9, r\u00e9sistance maximale ! D\u00e9couvrez la technologie des ventilateurs Efsan Makina pour vos solutions industrielles.<\/h3><\/div><div class=\"fusion-builder-row fusion-builder-row-inner fusion-row fusion-flex-align-items-flex-start fusion-flex-content-wrap\" style=\"width:103% !important;max-width:103% !important;margin-left: calc(-3% \/ 2 );margin-right: calc(-3% \/ 2 );\"><div class=\"fusion-layout-column fusion_builder_column_inner fusion-builder-nested-column-4 fusion-flex-column fusion-flex-align-self-center\" style=\"--awb-padding-bottom:15px;--awb-bg-size:cover;--awb-width-large:32%;--awb-spacing-right-large:4.546875%;--awb-margin-bottom-large:0px;--awb-spacing-left-large:4.546875%;--awb-width-medium:32%;--awb-order-medium:0;--awb-spacing-right-medium:4.546875%;--awb-spacing-left-medium:4.546875%;--awb-width-small:100%;--awb-order-small:0;--awb-spacing-right-small:1.455%;--awb-spacing-left-small:1.455%;\"><div class=\"fusion-column-wrapper fusion-column-has-shadow fusion-flex-justify-content-flex-start fusion-content-layout-column\"><div ><a class=\"fusion-button button-flat fusion-button-default-size button-custom fusion-button-default button-1 fusion-button-default-span fusion-button-default-type awb-b-icon-pos-right\" style=\"--button_accent_color:var(--awb-color1);--button_accent_hover_color:var(--awb-color6);--button_border_hover_color:var(--awb-color1);--button_gradient_top_color:var(--awb-color6);--button_gradient_bottom_color:var(--awb-color6);--button_gradient_top_color_hover:var(--awb-color7);--button_gradient_bottom_color_hover:var(--awb-color7);\" target=\"_self\" data-hover=\"icon_position\" href=\"#\"><span class=\"fusion-button-text awb-button__text awb-button__text--default\">T\u00e9l\u00e9charger le catalogue Pdf<\/span><i class=\"awb-recruitment-arrow-btn awb-button__icon awb-button__icon--default button-icon-right\" aria-hidden=\"true\"><\/i><i class=\"awb-recruitment-arrow-btn awb-button__icon awb-button__icon--default button-icon-right\" aria-hidden=\"true\"><\/i><\/a><\/div><\/div><\/div><div class=\"fusion-layout-column fusion_builder_column_inner fusion-builder-nested-column-5 fusion-flex-column\" style=\"--awb-padding-top:8px;--awb-bg-size:cover;--awb-width-large:65%;--awb-spacing-right-large:2.2384615384615%;--awb-margin-bottom-large:0px;--awb-spacing-left-large:2.2384615384615%;--awb-width-medium:65%;--awb-order-medium:0;--awb-spacing-right-medium:2.2384615384615%;--awb-spacing-left-medium:2.2384615384615%;--awb-width-small:100%;--awb-order-small:0;--awb-spacing-right-small:1.455%;--awb-spacing-left-small:1.455%;\"><div class=\"fusion-column-wrapper fusion-column-has-shadow fusion-flex-justify-content-flex-start fusion-content-layout-column\"><div class=\"fusion-title title fusion-title-6 fusion-sep-none fusion-title-text fusion-title-size-div\" style=\"--awb-text-color:var(--awb-color1);--awb-margin-top:10px;--awb-margin-bottom:10px;--awb-margin-bottom-small:15px;--awb-font-size:23px;\"><div class=\"fusion-title-heading title-heading-left title-heading-tag fusion-responsive-typography-calculated\" style=\"font-family:var(--awb-typography1-font-family);font-weight:var(--awb-typography1-font-weight);font-style:var(--awb-typography1-font-style);margin:0;font-size:1em;letter-spacing:var(--awb-typography1-letter-spacing);text-transform:var(--awb-typography1-text-transform);--fontSize:23;line-height:var(--awb-typography1-line-height);\">Appelez-nous. Obtenez un devis imm\u00e9diatement ! +90 258 264 00 76 - info@efsan.com<\/div><\/div><\/div><\/div><\/div><\/div><\/div><\/div><\/div><\/p>\n","protected":false},"excerpt":{"rendered":"","protected":false},"author":4,"featured_media":7585,"parent":8058,"menu_order":0,"comment_status":"closed","ping_status":"closed","template":"100-width.php","meta":{"footnotes":""},"class_list":["post-8337","page","type-page","status-publish","has-post-thumbnail","hentry"],"_links":{"self":[{"href":"https:\/\/efsan.com\/fr\/wp-json\/wp\/v2\/pages\/8337","targetHints":{"allow":["GET"]}}],"collection":[{"href":"https:\/\/efsan.com\/fr\/wp-json\/wp\/v2\/pages"}],"about":[{"href":"https:\/\/efsan.com\/fr\/wp-json\/wp\/v2\/types\/page"}],"author":[{"embeddable":true,"href":"https:\/\/efsan.com\/fr\/wp-json\/wp\/v2\/users\/4"}],"replies":[{"embeddable":true,"href":"https:\/\/efsan.com\/fr\/wp-json\/wp\/v2\/comments?post=8337"}],"version-history":[{"count":9,"href":"https:\/\/efsan.com\/fr\/wp-json\/wp\/v2\/pages\/8337\/revisions"}],"predecessor-version":[{"id":11050,"href":"https:\/\/efsan.com\/fr\/wp-json\/wp\/v2\/pages\/8337\/revisions\/11050"}],"up":[{"embeddable":true,"href":"https:\/\/efsan.com\/fr\/wp-json\/wp\/v2\/pages\/8058"}],"wp:featuredmedia":[{"embeddable":true,"href":"https:\/\/efsan.com\/fr\/wp-json\/wp\/v2\/media\/7585"}],"wp:attachment":[{"href":"https:\/\/efsan.com\/fr\/wp-json\/wp\/v2\/media?parent=8337"}],"curies":[{"name":"wp","href":"https:\/\/api.w.org\/{rel}","templated":true}]}}