{"id":8214,"date":"2025-05-15T12:33:46","date_gmt":"2025-05-15T09:33:46","guid":{"rendered":"https:\/\/efsan.com\/a-propos-de-nous\/"},"modified":"2026-04-03T14:07:36","modified_gmt":"2026-04-03T11:07:36","slug":"a-propos-de-nous","status":"publish","type":"page","link":"https:\/\/efsan.com\/fr\/a-propos-de-nous\/","title":{"rendered":"A propos de nous"},"content":{"rendered":"<p><div class=\"fusion-fullwidth fullwidth-box fusion-builder-row-1 fusion-flex-container has-pattern-background has-mask-background hundred-percent-fullwidth non-hundred-percent-height-scrolling\" style=\"--awb-border-radius-top-left:0px;--awb-border-radius-top-right:0px;--awb-border-radius-bottom-right:0px;--awb-border-radius-bottom-left:0px;--awb-padding-right:72px;--awb-padding-left:72px;--awb-padding-right-medium:30px;--awb-padding-left-medium:30px;--awb-flex-wrap:wrap;\" ><div class=\"fusion-builder-row fusion-row fusion-flex-align-items-flex-start fusion-flex-content-wrap\" style=\"width:103% !important;max-width:103% !important;margin-left: calc(-3% \/ 2 );margin-right: calc(-3% \/ 2 );\"><div class=\"fusion-layout-column fusion_builder_column fusion-builder-column-0 fusion_builder_column_1_1 1_1 fusion-flex-column\" style=\"--awb-padding-top:120px;--awb-padding-right:140px;--awb-padding-bottom:120px;--awb-padding-left:140px;--awb-padding-right-medium:80px;--awb-padding-left-medium:80px;--awb-padding-right-small:40px;--awb-padding-left-small:40px;--awb-overflow:hidden;--awb-bg-image:linear-gradient(90deg, hsla(var(--awb-color4-h),var(--awb-color4-s),calc(var(--awb-color4-l) - 30%),var(--awb-color4-a)) 20%,hsla(var(--awb-color8-h),var(--awb-color8-s),var(--awb-color8-l),calc(var(--awb-color8-a) - 95%)) 70%);;--awb-bg-position:right center;--awb-bg-position-small:center center;--awb-bg-size:cover;--awb-border-radius:20px 20px 20px 20px;--awb-width-large:100%;--awb-spacing-right-large:1.455%;--awb-margin-bottom-large:0px;--awb-spacing-left-large:1.455%;--awb-width-medium:100%;--awb-order-medium:0;--awb-spacing-right-medium:1.455%;--awb-spacing-left-medium:1.455%;--awb-width-small:100%;--awb-order-small:0;--awb-spacing-right-small:1.455%;--awb-spacing-left-small:1.455%;\" data-scroll-devices=\"small-visibility,medium-visibility,large-visibility\"><div class=\"fusion-column-wrapper lazyload fusion-column-has-shadow fusion-flex-justify-content-flex-start fusion-content-layout-column fusion-column-has-bg-image\" data-bg-url=\"https:\/\/efsan.com\/wp-content\/uploads\/2025\/05\/esfan-hakkimizda.webp\" data-bg=\"https:\/\/efsan.com\/wp-content\/uploads\/2025\/05\/esfan-hakkimizda.webp\" data-bg-gradient=\"linear-gradient(90deg, hsla(var(--awb-color4-h),var(--awb-color4-s),calc(var(--awb-color4-l) - 30%),var(--awb-color4-a)) 20%,hsla(var(--awb-color8-h),var(--awb-color8-s),var(--awb-color8-l),calc(var(--awb-color8-a) - 95%)) 70%)\"><div class=\"fusion-title title fusion-title-1 fusion-sep-none fusion-title-text fusion-title-size-one\" style=\"--awb-text-color:var(--awb-color1);--awb-margin-bottom:24px;--awb-margin-bottom-small:20px;--awb-font-size:56px;\"><h1 class=\"fusion-title-heading title-heading-left sm-text-align-center fusion-responsive-typography-calculated\" style=\"margin:0;font-size:1em;--fontSize:56;line-height:var(--awb-typography1-line-height);\">A propos de nous<\/h1><\/div><div class=\"fusion-text fusion-text-1 sm-text-align-center fusion-text-no-margin\" style=\"--awb-font-size:24px;--awb-line-height:var(--awb-typography2-line-height);--awb-letter-spacing:var(--awb-typography2-letter-spacing);--awb-text-transform:var(--awb-typography2-text-transform);--awb-text-color:var(--awb-color1);--awb-margin-bottom:30px;--awb-text-font-family:var(--awb-typography2-font-family);--awb-text-font-weight:var(--awb-typography2-font-weight);--awb-text-font-style:var(--awb-typography2-font-style);\"><p>Efsan Makina Industry and Trade Ltd. \u015eti.<\/p>\n<\/div><\/div><\/div><\/div><\/div><div class=\"fusion-fullwidth fullwidth-box fusion-builder-row-2 fusion-flex-container has-pattern-background has-mask-background nonhundred-percent-fullwidth non-hundred-percent-height-scrolling\" style=\"--awb-border-radius-top-left:0px;--awb-border-radius-top-right:0px;--awb-border-radius-bottom-right:0px;--awb-border-radius-bottom-left:0px;--awb-padding-top:30px;--awb-padding-bottom:20px;--awb-flex-wrap:wrap;\" ><div class=\"fusion-builder-row fusion-row fusion-flex-align-items-flex-start fusion-flex-content-wrap\" style=\"max-width:1442px;margin-left: calc(-3% \/ 2 );margin-right: calc(-3% \/ 2 );\"><div class=\"fusion-layout-column fusion_builder_column fusion-builder-column-1 fusion-flex-column\" style=\"--awb-bg-size:cover;--awb-width-large:70%;--awb-spacing-right-large:2.0785714285714%;--awb-margin-bottom-large:0px;--awb-spacing-left-large:2.0785714285714%;--awb-width-medium:70%;--awb-order-medium:0;--awb-spacing-right-medium:2.0785714285714%;--awb-spacing-left-medium:2.0785714285714%;--awb-width-small:100%;--awb-order-small:0;--awb-spacing-right-small:1.455%;--awb-spacing-left-small:1.455%;\"><div class=\"fusion-column-wrapper fusion-column-has-shadow fusion-flex-justify-content-flex-start fusion-content-layout-column\"><div class=\"fusion-text fusion-text-2 fusion-text-no-margin\" style=\"--awb-font-size:var(--awb-typography2-font-size);--awb-line-height:var(--awb-typography2-line-height);--awb-letter-spacing:var(--awb-typography2-letter-spacing);--awb-text-transform:var(--awb-typography2-text-transform);--awb-margin-bottom:20px;--awb-text-font-family:var(--awb-typography2-font-family);--awb-text-font-weight:var(--awb-typography2-font-weight);--awb-text-font-style:var(--awb-typography2-font-style);\"><p>25 ans d&rsquo;exp\u00e9rience et d&rsquo;ing\u00e9nierie au service d&rsquo;une technologie qui contr\u00f4le l&rsquo;air<\/p>\n<\/div><div class=\"fusion-title title fusion-title-2 fusion-sep-none fusion-title-text fusion-title-size-two\" style=\"--awb-margin-bottom:48px;--awb-margin-bottom-small:48px;\"><h2 class=\"fusion-title-heading title-heading-left fusion-responsive-typography-calculated\" style=\"margin:0;--fontSize:42;line-height:var(--awb-typography1-line-height);\"><p>Efsan Makina Sanayi \u2013<br \/>\nVentilateurs industriels et syst\u00e8mes de ventilation<\/p><\/h2><\/div><\/div><\/div><div class=\"fusion-layout-column fusion_builder_column fusion-builder-column-2 fusion-flex-column fusion-flex-align-self-center fusion-no-small-visibility\" style=\"--awb-padding-right:20px;--awb-bg-size:cover;--awb-width-large:20%;--awb-spacing-right-large:7.275%;--awb-margin-bottom-large:0px;--awb-spacing-left-large:7.275%;--awb-width-medium:20%;--awb-order-medium:0;--awb-spacing-right-medium:7.275%;--awb-spacing-left-medium:7.275%;--awb-width-small:100%;--awb-order-small:0;--awb-spacing-right-small:1.455%;--awb-spacing-left-small:1.455%;\"><div class=\"fusion-column-wrapper fusion-column-has-shadow fusion-flex-justify-content-flex-start fusion-content-layout-column\"><\/div><\/div><div class=\"fusion-layout-column fusion_builder_column fusion-builder-column-3 fusion-flex-column fusion-flex-align-self-center fusion-no-small-visibility\" style=\"--awb-bg-size:cover;--awb-transition:filter 600ms ease, transform 600ms ease, background-color 600ms ease, border-color 600ms ease;--awb-transform:rotate(0deg);--awb-transform-hover:rotate(90deg);--awb-transform-parent-hover:rotate(90deg);--awb-width-large:10%;--awb-spacing-right-large:14.55%;--awb-margin-bottom-large:0px;--awb-spacing-left-large:14.55%;--awb-width-medium:10%;--awb-order-medium:0;--awb-spacing-right-medium:14.55%;--awb-spacing-left-medium:14.55%;--awb-width-small:100%;--awb-order-small:0;--awb-spacing-right-small:1.455%;--awb-spacing-left-small:1.455%;\"><div class=\"fusion-column-wrapper fusion-column-has-shadow fusion-flex-justify-content-flex-start fusion-content-layout-column\"><i class=\"fb-icon-element-1 fb-icon-element fontawesome-icon awb-recruitment-arrow-btn circle-no\" style=\"--awb-iconcolor:var(--awb-color3);--awb-iconcolor-hover:var(--awb-color6);--awb-font-size:112px;--awb-margin-top:0;--awb-margin-right:0;--awb-margin-bottom:0;--awb-margin-left:0;--awb-align-self:center;\"><\/i><\/div><\/div><div class=\"fusion-layout-column fusion_builder_column fusion-builder-column-4 fusion_builder_column_1_1 1_1 fusion-flex-column\" style=\"--awb-bg-size:cover;--awb-width-large:100%;--awb-spacing-right-large:1.455%;--awb-margin-bottom-large:0px;--awb-spacing-left-large:1.455%;--awb-width-medium:100%;--awb-order-medium:0;--awb-spacing-right-medium:1.455%;--awb-spacing-left-medium:1.455%;--awb-width-small:100%;--awb-order-small:0;--awb-spacing-right-small:1.455%;--awb-spacing-left-small:1.455%;\"><div class=\"fusion-column-wrapper fusion-column-has-shadow fusion-flex-justify-content-flex-start fusion-content-layout-column\"><div class=\"fusion-separator fusion-full-width-sep\" style=\"align-self: center;margin-left: auto;margin-right: auto;margin-bottom:30px;width:100%;\"><div class=\"fusion-separator-border sep-single sep-solid\" style=\"--awb-height:20px;--awb-amount:20px;border-color:var(--awb-color3);border-top-width:1px;\"><\/div><\/div><\/div><\/div><div class=\"fusion-layout-column fusion_builder_column fusion-builder-column-5 fusion-flex-column\" style=\"--awb-overflow:hidden;--awb-bg-position:center center;--awb-bg-size:cover;--awb-border-radius:20px 20px 20px 20px;--awb-width-large:45%;--awb-margin-top-large:130px;--awb-spacing-right-large:2.1555555555556%;--awb-margin-bottom-large:0px;--awb-spacing-left-large:2.1555555555556%;--awb-width-medium:45%;--awb-order-medium:0;--awb-spacing-right-medium:2.1555555555556%;--awb-spacing-left-medium:2.1555555555556%;--awb-width-small:100%;--awb-order-small:0;--awb-spacing-right-small:1.455%;--awb-margin-bottom-small:40px;--awb-spacing-left-small:1.455%;\"><div class=\"fusion-column-wrapper fusion-column-has-shadow fusion-flex-justify-content-flex-start fusion-content-layout-column\"><div class=\"fusion-image-element \" style=\"--awb-caption-title-font-family:var(--h2_typography-font-family);--awb-caption-title-font-weight:var(--h2_typography-font-weight);--awb-caption-title-font-style:var(--h2_typography-font-style);--awb-caption-title-size:var(--h2_typography-font-size);--awb-caption-title-transform:var(--h2_typography-text-transform);--awb-caption-title-line-height:var(--h2_typography-line-height);--awb-caption-title-letter-spacing:var(--h2_typography-letter-spacing);\"><span class=\" fusion-imageframe imageframe-none imageframe-1 hover-type-none\"><img decoding=\"async\" width=\"1600\" height=\"901\" alt=\"mvr fan mvr blower\" title=\"MVR-Fan-Hakkimizda\" src=\"https:\/\/efsan.com\/wp-content\/uploads\/2025\/05\/MVR-Fan-Hakkimizda.jpg\" data-orig-src=\"https:\/\/efsan.com\/wp-content\/uploads\/2025\/05\/MVR-Fan-Hakkimizda.jpg\" class=\"lazyload img-responsive wp-image-7612\" srcset=\"data:image\/svg+xml,%3Csvg%20xmlns%3D%27http%3A%2F%2Fwww.w3.org%2F2000%2Fsvg%27%20width%3D%271600%27%20height%3D%27901%27%20viewBox%3D%270%200%201600%20901%27%3E%3Crect%20width%3D%271600%27%20height%3D%27901%27%20fill-opacity%3D%220%22%2F%3E%3C%2Fsvg%3E\" data-srcset=\"https:\/\/efsan.com\/wp-content\/uploads\/2025\/05\/MVR-Fan-Hakkimizda-200x113.jpg 200w, https:\/\/efsan.com\/wp-content\/uploads\/2025\/05\/MVR-Fan-Hakkimizda-400x225.jpg 400w, https:\/\/efsan.com\/wp-content\/uploads\/2025\/05\/MVR-Fan-Hakkimizda-600x338.jpg 600w, https:\/\/efsan.com\/wp-content\/uploads\/2025\/05\/MVR-Fan-Hakkimizda-800x451.jpg 800w, https:\/\/efsan.com\/wp-content\/uploads\/2025\/05\/MVR-Fan-Hakkimizda-1200x676.jpg 1200w, https:\/\/efsan.com\/wp-content\/uploads\/2025\/05\/MVR-Fan-Hakkimizda.jpg 1600w\" data-sizes=\"auto\" data-orig-sizes=\"(max-width: 820px) 100vw, 800px\" \/><\/span><\/div><\/div><\/div><div class=\"fusion-layout-column fusion_builder_column fusion-builder-column-6 fusion-flex-column fusion-flex-align-self-stretch\" style=\"--awb-padding-right:10px;--awb-padding-left:10px;--awb-padding-right-small:0px;--awb-padding-left-small:0px;--awb-bg-size:cover;--awb-width-large:55%;--awb-spacing-right-large:1.7636363636364%;--awb-margin-bottom-large:0px;--awb-spacing-left-large:1.7636363636364%;--awb-width-medium:55%;--awb-order-medium:0;--awb-spacing-right-medium:1.7636363636364%;--awb-spacing-left-medium:1.7636363636364%;--awb-width-small:100%;--awb-order-small:0;--awb-spacing-right-small:1.455%;--awb-spacing-left-small:1.455%;\"><div class=\"fusion-column-wrapper fusion-column-has-shadow fusion-flex-justify-content-flex-start fusion-content-layout-column\"><div class=\"fusion-title title fusion-title-3 fusion-sep-none fusion-title-text fusion-title-size-four\" style=\"--awb-margin-top:8px;--awb-margin-right:80px;--awb-margin-bottom:24px;--awb-margin-bottom-small:24px;--awb-font-size:24px;\"><h4 class=\"fusion-title-heading title-heading-left fusion-responsive-typography-calculated\" style=\"margin:0;font-size:1em;text-transform:none;--fontSize:24;line-height:1.4;\">EFSAN Makina San. ve Tic. Ltd. \u015eti. fabrique des syst\u00e8mes de ventilation industriels, des unit\u00e9s de ventilation compl\u00e8tes, des panneaux de commande, des cabines d&rsquo;insonorisation et des syst\u00e8mes d&rsquo;insonorisation.<\/h4><\/div><div class=\"fusion-text fusion-text-3 fusion-text-no-margin\" style=\"--awb-margin-right:40px;--awb-margin-bottom:40px;\"><p>Gr\u00e2ce \u00e0 nos installations modernes et \u00e0 notre \u00e9quipe technique sp\u00e9cialis\u00e9e, nous proposons des services de conception et d&rsquo;ing\u00e9nierie personnalis\u00e9s dans des domaines tels que les unit\u00e9s de concentration, les syst\u00e8mes de centrales \u00e9lectriques et les solutions de circulation.<\/p>\n<p>Nos ventilateurs radiaux haute performance peuvent atteindre un d\u00e9bit de 1 800 000 m\u00b3\/h et fonctionner jusqu&rsquo;\u00e0 une pression de 45 kPa pour les mod\u00e8les \u00e0 un \u00e9tage et de 160 kPa pour les mod\u00e8les \u00e0 plusieurs \u00e9tages.<br \/>\nNos clients pr\u00e9f\u00e8rent nos syst\u00e8mes de ventilateurs car nous proposons des solutions d&rsquo;ing\u00e9nierie sp\u00e9cifiques \u00e0 chaque projet et garantissons \u00e0 la fois qualit\u00e9, efficacit\u00e9 et durabilit\u00e9.<\/p>\n<\/div><div class=\"fusion-tabs fusion-tabs-1 classic nav-is-justified horizontal-tabs icon-position-left mobile-mode-accordion\" style=\"--awb-margin-bottom:0px;--awb-title-border-radius-top-left:12px;--awb-title-border-radius-top-right:12px;--awb-title-border-radius-bottom-right:12px;--awb-title-border-radius-bottom-left:12px;--awb-content-padding-top:32px;--awb-content-padding-right:20px;--awb-content-padding-bottom:0px;--awb-content-padding-left:20px;--awb-title-padding-top:20px;--awb-title-padding-bottom:20px;--awb-title-font-size:17px;--awb-title-text-transform:var(--awb-typography2-text-transform);--awb-title-line-height:var(--awb-typography2-line-height);--awb-title-letter-spacing:var(--awb-typography2-letter-spacing);--awb-alignment:start;--awb-inactive-color:var(--awb-color2);--awb-background-color:var(--awb-color1);--awb-border-color:var(--awb-color1);--awb-active-border-color:var(--awb-color4);--awb-title-font-family:var(--awb-typography2-font-family);--awb-title-font-weight:var(--awb-typography2-font-weight);--awb-title-font-style:var(--awb-typography2-font-style);\"><div class=\"nav\"><ul class=\"nav-tabs nav-justified\" role=\"tablist\"><li class=\"active\" role=\"presentation\"><a class=\"tab-link\" data-toggle=\"tab\" role=\"tab\" aria-controls=\"tab-853046750f2fd233f76\" aria-selected=\"true\" id=\"fusion-tab-notrevision\" href=\"#tab-853046750f2fd233f76\"><h4 class=\"fusion-tab-heading\">Notre vision<\/h4><\/a><\/li><li role=\"presentation\"><a class=\"tab-link\" data-toggle=\"tab\" role=\"tab\" aria-controls=\"tab-fc3041ef9d8a0b67fd0\" aria-selected=\"false\" tabindex=\"-1\" id=\"fusion-tab-notremission\" href=\"#tab-fc3041ef9d8a0b67fd0\"><h4 class=\"fusion-tab-heading\">Notre mission<\/h4><\/a><\/li><li role=\"presentation\"><a class=\"tab-link\" data-toggle=\"tab\" role=\"tab\" aria-controls=\"tab-f48f08290bf17408445\" aria-selected=\"false\" tabindex=\"-1\" id=\"fusion-tab-notrepolitiquedequalit\u00e9\" href=\"#tab-f48f08290bf17408445\"><h4 class=\"fusion-tab-heading\">Notre politique de qualit\u00e9<\/h4><\/a><\/li><\/ul><\/div><div class=\"tab-content\"><div class=\"nav fusion-mobile-tab-nav\"><ul class=\"nav-tabs nav-justified\" role=\"tablist\"><li class=\"active\" role=\"presentation\"><a class=\"tab-link\" data-toggle=\"tab\" role=\"tab\" aria-controls=\"tab-853046750f2fd233f76\" aria-selected=\"true\" id=\"mobile-fusion-tab-notrevision\" href=\"#tab-853046750f2fd233f76\"><h4 class=\"fusion-tab-heading\">Notre vision<\/h4><\/a><\/li><\/ul><\/div><div class=\"tab-pane fade fusion-clearfix in active\" role=\"tabpanel\" tabindex=\"0\" aria-labelledby=\"fusion-tab-notrevision\" id=\"tab-853046750f2fd233f76\">Produire des solutions de ventilation de haute qualit\u00e9, efficaces et \u00e9conomes en \u00e9nergie en combinant la technologie et l\u2019ing\u00e9nierie. \u00catre une entreprise orient\u00e9e vers le client, sensible \u00e0 l\u2019environnement et en constante \u00e9volution.<\/div><div class=\"nav fusion-mobile-tab-nav\"><ul class=\"nav-tabs nav-justified\" role=\"tablist\"><li role=\"presentation\"><a class=\"tab-link\" data-toggle=\"tab\" role=\"tab\" aria-controls=\"tab-fc3041ef9d8a0b67fd0\" aria-selected=\"false\" tabindex=\"-1\" id=\"mobile-fusion-tab-notremission\" href=\"#tab-fc3041ef9d8a0b67fd0\"><h4 class=\"fusion-tab-heading\">Notre mission<\/h4><\/a><\/li><\/ul><\/div><div class=\"tab-pane fade fusion-clearfix\" role=\"tabpanel\" tabindex=\"0\" aria-labelledby=\"fusion-tab-notremission\" id=\"tab-fc3041ef9d8a0b67fd0\">Fournir les syst\u00e8mes de ventilation et les \u00e9quipements n\u00e9cessaires aux organisations industrielles dans les d\u00e9lais impartis et de mani\u00e8re compl\u00e8te. \u00catre une marque fiable et innovante dans le secteur en donnant la priorit\u00e9 \u00e0 la qualit\u00e9, \u00e0 la satisfaction du client et \u00e0 la durabilit\u00e9.<\/div><div class=\"nav fusion-mobile-tab-nav\"><ul class=\"nav-tabs nav-justified\" role=\"tablist\"><li role=\"presentation\"><a class=\"tab-link\" data-toggle=\"tab\" role=\"tab\" aria-controls=\"tab-f48f08290bf17408445\" aria-selected=\"false\" tabindex=\"-1\" id=\"mobile-fusion-tab-notrepolitiquedequalit\u00e9\" href=\"#tab-f48f08290bf17408445\"><h4 class=\"fusion-tab-heading\">Notre politique de qualit\u00e9<\/h4><\/a><\/li><\/ul><\/div><div class=\"tab-pane fade fusion-clearfix\" role=\"tabpanel\" tabindex=\"0\" aria-labelledby=\"fusion-tab-notrepolitiquedequalit\u00e9\" id=\"tab-f48f08290bf17408445\">Notre principe de base est de fournir \u00e0 nos clients des produits fiables et de haute qualit\u00e9, conform\u00e9ment aux normes internationales. Nous am\u00e9liorons la qualit\u00e9 de nos produits et de nos services gr\u00e2ce \u00e0 des \u00e9tudes continues de recherche et de d\u00e9veloppement. Nous am\u00e9liorons en permanence notre syst\u00e8me de gestion de la qualit\u00e9 et veillons \u00e0 respecter toutes les exigences l\u00e9gales et sectorielles.<\/div><\/div><\/div><\/div><\/div><\/div><\/div><div class=\"fusion-fullwidth fullwidth-box fusion-builder-row-3 fusion-flex-container has-pattern-background has-mask-background hundred-percent-fullwidth non-hundred-percent-height-scrolling\" style=\"--awb-border-radius-top-left:0px;--awb-border-radius-top-right:0px;--awb-border-radius-bottom-right:0px;--awb-border-radius-bottom-left:0px;--awb-padding-right:72px;--awb-padding-left:72px;--awb-padding-right-medium:30px;--awb-padding-left-medium:30px;--awb-flex-wrap:wrap;\" ><div class=\"fusion-builder-row fusion-row fusion-flex-align-items-flex-start fusion-flex-content-wrap\" style=\"width:103% !important;max-width:103% !important;margin-left: calc(-3% \/ 2 );margin-right: calc(-3% \/ 2 );\"><div class=\"fusion-layout-column fusion_builder_column fusion-builder-column-7 fusion_builder_column_1_1 1_1 fusion-flex-column\" style=\"--awb-padding-top:30px;--awb-padding-right:80px;--awb-padding-bottom:30px;--awb-padding-left:80px;--awb-padding-right-medium:80px;--awb-padding-left-medium:80px;--awb-padding-right-small:40px;--awb-padding-left-small:40px;--awb-overflow:hidden;--awb-bg-position:right center;--awb-bg-position-small:center center;--awb-bg-size:cover;--awb-border-radius:20px 20px 20px 20px;--awb-width-large:100%;--awb-spacing-right-large:1.455%;--awb-margin-bottom-large:0px;--awb-spacing-left-large:1.455%;--awb-width-medium:100%;--awb-order-medium:0;--awb-spacing-right-medium:1.455%;--awb-spacing-left-medium:1.455%;--awb-width-small:100%;--awb-order-small:0;--awb-spacing-right-small:1.455%;--awb-spacing-left-small:1.455%;\" data-scroll-devices=\"small-visibility,medium-visibility,large-visibility\"><div class=\"fusion-column-wrapper fusion-column-has-shadow fusion-flex-justify-content-flex-start fusion-content-layout-column\"><\/div><\/div><\/div><\/div><\/p>\n","protected":false},"excerpt":{"rendered":"","protected":false},"author":4,"featured_media":0,"parent":0,"menu_order":0,"comment_status":"closed","ping_status":"closed","template":"100-width.php","meta":{"footnotes":""},"class_list":["post-8214","page","type-page","status-publish","hentry"],"_links":{"self":[{"href":"https:\/\/efsan.com\/fr\/wp-json\/wp\/v2\/pages\/8214","targetHints":{"allow":["GET"]}}],"collection":[{"href":"https:\/\/efsan.com\/fr\/wp-json\/wp\/v2\/pages"}],"about":[{"href":"https:\/\/efsan.com\/fr\/wp-json\/wp\/v2\/types\/page"}],"author":[{"embeddable":true,"href":"https:\/\/efsan.com\/fr\/wp-json\/wp\/v2\/users\/4"}],"replies":[{"embeddable":true,"href":"https:\/\/efsan.com\/fr\/wp-json\/wp\/v2\/comments?post=8214"}],"version-history":[{"count":8,"href":"https:\/\/efsan.com\/fr\/wp-json\/wp\/v2\/pages\/8214\/revisions"}],"predecessor-version":[{"id":11467,"href":"https:\/\/efsan.com\/fr\/wp-json\/wp\/v2\/pages\/8214\/revisions\/11467"}],"wp:attachment":[{"href":"https:\/\/efsan.com\/fr\/wp-json\/wp\/v2\/media?parent=8214"}],"curies":[{"name":"wp","href":"https:\/\/api.w.org\/{rel}","templated":true}]}}