{"id":8095,"date":"2025-05-13T02:17:01","date_gmt":"2025-05-12T23:17:01","guid":{"rendered":"https:\/\/efsan.com\/solutions\/systemes-de-ventilation-pour-les-usines-de-recyclage\/"},"modified":"2025-11-06T14:55:37","modified_gmt":"2025-11-06T11:55:37","slug":"systemes-de-ventilation-pour-les-usines-de-recyclage","status":"publish","type":"page","link":"https:\/\/efsan.com\/fr\/solutions\/systemes-de-ventilation-pour-les-usines-de-recyclage\/","title":{"rendered":"Syst\u00e8mes de ventilation pour les usines de recyclage"},"content":{"rendered":"<p><div class=\"fusion-fullwidth fullwidth-box fusion-builder-row-1 fusion-flex-container has-pattern-background has-mask-background hundred-percent-fullwidth non-hundred-percent-height-scrolling\" style=\"--awb-border-radius-top-left:0px;--awb-border-radius-top-right:0px;--awb-border-radius-bottom-right:0px;--awb-border-radius-bottom-left:0px;--awb-padding-right:72px;--awb-padding-left:72px;--awb-padding-right-small:30px;--awb-padding-left-small:30px;--awb-flex-wrap:wrap;\" ><div class=\"fusion-builder-row fusion-row fusion-flex-align-items-flex-start fusion-flex-content-wrap\" style=\"width:103% !important;max-width:103% !important;margin-left: calc(-3% \/ 2 );margin-right: calc(-3% \/ 2 );\"><div class=\"fusion-layout-column fusion_builder_column fusion-builder-column-0 fusion_builder_column_1_1 1_1 fusion-flex-column\" style=\"--awb-padding-top:120px;--awb-padding-right:72px;--awb-padding-bottom:120px;--awb-padding-left:72px;--awb-padding-bottom-medium:72px;--awb-padding-bottom-small:80px;--awb-overflow:hidden;--awb-bg-image:linear-gradient(180deg, rgba(43,43,43,0.5) 0%,rgba(43,43,43,0.5) 100%);;--awb-bg-position:center center;--awb-bg-size:cover;--awb-border-radius:20px 20px 20px 20px;--awb-width-large:100%;--awb-spacing-right-large:1.455%;--awb-margin-bottom-large:0px;--awb-spacing-left-large:1.455%;--awb-width-medium:100%;--awb-order-medium:0;--awb-spacing-right-medium:1.455%;--awb-margin-bottom-medium:40px;--awb-spacing-left-medium:1.455%;--awb-width-small:100%;--awb-order-small:0;--awb-spacing-right-small:1.455%;--awb-spacing-left-small:1.455%;\" data-scroll-devices=\"small-visibility,medium-visibility,large-visibility\"><div class=\"fusion-column-wrapper lazyload fusion-column-has-shadow fusion-flex-justify-content-flex-start fusion-content-layout-column fusion-column-has-bg-image\" data-bg-url=\"https:\/\/efsan.com\/wp-content\/uploads\/2025\/05\/Geri-donusum-tesisleri.webp\" data-bg=\"https:\/\/efsan.com\/wp-content\/uploads\/2025\/05\/Geri-donusum-tesisleri.webp\" data-bg-gradient=\"linear-gradient(180deg, rgba(43,43,43,0.5) 0%,rgba(43,43,43,0.5) 100%)\"><div class=\"fusion-title title fusion-title-1 fusion-sep-none fusion-title-center fusion-title-text fusion-title-size-one\" style=\"--awb-text-color:var(--awb-color1);--awb-font-size:52px;\"><h1 class=\"fusion-title-heading title-heading-center fusion-responsive-typography-calculated\" style=\"margin:0;font-size:1em;--fontSize:52;line-height:var(--awb-typography1-line-height);\">Syst\u00e8mes de ventilation pour les usines de recyclage<\/h1><\/div><nav class=\"fusion-breadcrumbs fusion-breadcrumbs-1\" style=\"--awb-margin-bottom:12px;--awb-alignment:center;--awb-text-color:var(--awb-color1);--awb-breadcrumb-sep:&#039;|&#039;;text-align:center;\" aria-label=\"Breadcrumb\"><ol class=\"awb-breadcrumb-list\"><\/ol><\/nav><\/div><\/div><\/div><\/div><div class=\"fusion-fullwidth fullwidth-box fusion-builder-row-2 fusion-flex-container has-pattern-background has-mask-background nonhundred-percent-fullwidth non-hundred-percent-height-scrolling\" style=\"--awb-border-radius-top-left:0px;--awb-border-radius-top-right:0px;--awb-border-radius-bottom-right:0px;--awb-border-radius-bottom-left:0px;--awb-padding-top:20px;--awb-padding-bottom:20px;--awb-flex-wrap:wrap;\" ><div class=\"fusion-builder-row fusion-row fusion-flex-align-items-flex-start fusion-flex-content-wrap\" style=\"max-width:1442px;margin-left: calc(-3% \/ 2 );margin-right: calc(-3% \/ 2 );\"><div class=\"fusion-layout-column fusion_builder_column fusion-builder-column-1 fusion_builder_column_2_3 2_3 fusion-flex-column\" style=\"--awb-padding-top:20px;--awb-padding-right:10px;--awb-padding-left:10px;--awb-padding-right-small:0px;--awb-padding-left-small:0px;--awb-bg-size:cover;--awb-width-large:66.666666666667%;--awb-spacing-right-large:1.455%;--awb-margin-bottom-large:0px;--awb-spacing-left-large:1.455%;--awb-width-medium:66.666666666667%;--awb-order-medium:0;--awb-spacing-right-medium:1.455%;--awb-spacing-left-medium:1.455%;--awb-width-small:100%;--awb-order-small:2;--awb-spacing-right-small:1.455%;--awb-margin-bottom-small:60px;--awb-spacing-left-small:1.455%;\"><div class=\"fusion-column-wrapper fusion-column-has-shadow fusion-flex-justify-content-flex-start fusion-content-layout-column\"><div class=\"fusion-text fusion-text-1 fusion-text-no-margin\" style=\"--awb-font-size:var(--awb-typography2-font-size);--awb-line-height:var(--awb-typography2-line-height);--awb-letter-spacing:var(--awb-typography2-letter-spacing);--awb-text-transform:var(--awb-typography2-text-transform);--awb-margin-bottom:10px;--awb-text-font-family:var(--awb-typography2-font-family);--awb-text-font-weight:var(--awb-typography2-font-weight);--awb-text-font-style:var(--awb-typography2-font-style);\"><p>25 ans d&rsquo;exp\u00e9rience et d&rsquo;ing\u00e9nierie pour g\u00e9rer la technologie de l&rsquo;air<\/p>\n<\/div><div class=\"fusion-title title fusion-title-2 fusion-sep-none fusion-title-text fusion-title-size-two\" style=\"--awb-margin-bottom-small:30px;\"><h2 class=\"fusion-title-heading title-heading-left fusion-responsive-typography-calculated\" style=\"margin:0;--fontSize:42;line-height:var(--awb-typography1-line-height);\">Syst\u00e8mes de ventilation pour les usines de recyclage<\/h2><\/div><div class=\"fusion-text fusion-text-2 fusion-text-no-margin\" style=\"--awb-margin-bottom:10px;\"><p>Les installations de recyclage jouent un r\u00f4le essentiel dans les processus de traitement, de tri et de recyclage des d\u00e9chets dans l&rsquo;\u00e9conomie. La gestion de l&rsquo;air dans ces installations est essentielle pour l&rsquo;efficacit\u00e9 des processus, la sant\u00e9 des employ\u00e9s et le respect de l&rsquo;environnement. Diff\u00e9rents d\u00e9fis, tels que le risque de vapeurs organiques, de poussi\u00e8res, d&rsquo;odeurs et de gaz explosifs, exigent que les syst\u00e8mes de ventilation soient sp\u00e9cialement con\u00e7us et r\u00e9pondent \u00e0 des normes de s\u00e9curit\u00e9 \u00e9lev\u00e9es.<\/p>\n<p>En tant qu&rsquo;Efsan Makina, nous concevons, fabriquons et mettons en service des <strong>syst\u00e8mes de ventilation fiables, efficaces et s\u00fbrs pour r\u00e9pondre aux besoins complexes et divers des usines de recyclage<\/strong>. Nous sommes \u00e0 vos c\u00f4t\u00e9s avec nos solutions de gestion de l&rsquo;air dans votre vision de la construction d&rsquo;un avenir durable.<\/p>\n<\/div><div class=\"fusion-builder-row fusion-builder-row-inner fusion-row fusion-flex-align-items-flex-start fusion-flex-content-wrap\" style=\"width:103% !important;max-width:103% !important;margin-left: calc(-3% \/ 2 );margin-right: calc(-3% \/ 2 );\"><div class=\"fusion-layout-column fusion_builder_column_inner fusion-builder-nested-column-0 fusion_builder_column_inner_1_6 1_6 fusion-flex-column\" style=\"--awb-padding-top:10px;--awb-padding-right:10px;--awb-bg-size:cover;--awb-width-large:16.666666666667%;--awb-spacing-right-large:8.73%;--awb-margin-bottom-large:0px;--awb-spacing-left-large:8.73%;--awb-width-medium:16.666666666667%;--awb-order-medium:0;--awb-spacing-right-medium:8.73%;--awb-spacing-left-medium:8.73%;--awb-width-small:100%;--awb-order-small:0;--awb-spacing-right-small:1.455%;--awb-spacing-left-small:1.455%;\"><div class=\"fusion-column-wrapper fusion-column-has-shadow fusion-flex-justify-content-flex-start fusion-content-layout-column\"><i class=\"fb-icon-element-1 fb-icon-element fontawesome-icon awb-recruitment-arrow circle-no fusion-text-flow\" style=\"--awb-iconcolor:var(--awb-custom_color_2);--awb-iconcolor-hover:var(--awb-color4);--awb-font-size:34px;--awb-margin-bottom:30px;\"><\/i><div class=\"fusion-separator fusion-full-width-sep\" style=\"align-self: center;margin-left: auto;margin-right: auto;margin-top:10px;margin-bottom:20px;width:100%;\"><div class=\"fusion-separator-border sep-single sep-solid\" style=\"--awb-height:20px;--awb-amount:20px;border-color:var(--awb-color3);border-top-width:1px;\"><\/div><\/div><\/div><\/div><div class=\"fusion-layout-column fusion_builder_column_inner fusion-builder-nested-column-1 fusion_builder_column_inner_5_6 5_6 fusion-flex-column\" style=\"--awb-padding-right:40px;--awb-bg-size:cover;--awb-width-large:83.333333333333%;--awb-spacing-right-large:1.746%;--awb-margin-bottom-large:0px;--awb-spacing-left-large:1.746%;--awb-width-medium:83.333333333333%;--awb-order-medium:0;--awb-spacing-right-medium:1.746%;--awb-spacing-left-medium:1.746%;--awb-width-small:100%;--awb-order-small:0;--awb-spacing-right-small:1.455%;--awb-margin-bottom-small:60px;--awb-spacing-left-small:1.455%;\"><div class=\"fusion-column-wrapper fusion-column-has-shadow fusion-flex-justify-content-flex-start fusion-content-layout-column\"><div class=\"fusion-title title fusion-title-3 fusion-sep-none fusion-title-text fusion-title-size-five\" style=\"--awb-margin-bottom:10px;\"><h5 class=\"fusion-title-heading title-heading-left fusion-responsive-typography-calculated\" style=\"margin:0;--fontSize:24;line-height:1.4;\">D\u00e9fis dans le secteur du recyclage et solutions pour l&rsquo;Efsan<\/h5><\/div><div class=\"fusion-text fusion-text-3 fusion-text-no-margin\" style=\"--awb-font-size:var(--awb-typography5-font-size);--awb-line-height:var(--awb-typography5-line-height);--awb-letter-spacing:var(--awb-typography5-letter-spacing);--awb-text-transform:var(--awb-typography5-text-transform);--awb-margin-bottom:0px;--awb-text-font-family:var(--awb-typography5-font-family);--awb-text-font-weight:var(--awb-typography5-font-weight);--awb-text-font-style:var(--awb-typography5-font-style);\"><p>Dans les usines de recyclage, les ventilateurs sont utilis\u00e9s dans de nombreux domaines tels que la ventilation dans les unit\u00e9s de tri des d\u00e9chets, le s\u00e9chage biologique dans les usines de traitement des d\u00e9chets organiques, l \u00ab \u00e9vacuation des gaz, la d\u00e9sodorisation et l \u00bb \u00e9limination en toute s\u00e9curit\u00e9 des substances dangereuses. Les principaux d\u00e9fis rencontr\u00e9s dans ces applications et les solutions propos\u00e9es par Efsan sont les suivants :<\/p>\n<ul>\n<li><strong>Contr\u00f4le des odeurs et des gaz nocifs :<\/strong> Les processus de traitement des d\u00e9chets peuvent provoquer des odeurs d\u00e9sagr\u00e9ables et des gaz potentiellement nocifs \u00e0 l&rsquo;int\u00e9rieur et autour de l&rsquo;usine. <strong>Solution Efsan :<\/strong> Nous assurons une \u00e9vacuation efficace des odeurs et des gaz nocifs gr\u00e2ce \u00e0 des <strong>syst\u00e8mes de ventilation et d&rsquo;extraction<\/strong> sp\u00e9cialement con\u00e7us et, si n\u00e9cessaire, nous proposons des solutions int\u00e9gr\u00e9es avec des syst\u00e8mes de filtration des odeurs.<\/li>\n<li><strong>Atmosph\u00e8res explosives et inflammables (Ex-Proof) :<\/strong> Dans certains processus de recyclage (par exemple la r\u00e9cup\u00e9ration de solvants, la production de biogaz), il existe un risque de pr\u00e9sence de gaz explosifs et inflammables. <strong>Solution Efsan :<\/strong> Nous concevons et fabriquons des <strong>ventilateurs Ex-Proof (antid\u00e9flagrants) certifi\u00e9s ATEX<\/strong>. Ces ventilateurs sont sp\u00e9cialement con\u00e7us et test\u00e9s pour fonctionner en toute s\u00e9curit\u00e9 dans les zones dangereuses.<\/li>\n<li><strong>Environnements abrasifs et poussi\u00e9reux :<\/strong> Le tri et le traitement de mat\u00e9riaux tels que le verre, le plastique, le m\u00e9tal ou le papier peuvent cr\u00e9er des poussi\u00e8res ou des particules abrasives dans l&rsquo;environnement. <strong>Solution Efsan :<\/strong> En utilisant des ventilateurs fabriqu\u00e9s <strong>dans des mat\u00e9riaux r\u00e9sistants \u00e0 l&rsquo;abrasion<\/strong> et avec des conceptions sp\u00e9ciales qui minimisent l&rsquo;accumulation de particules, nous prolongeons la dur\u00e9e de vie des ventilateurs et r\u00e9duisons les besoins de maintenance.<\/li>\n<li><strong>Efficacit\u00e9 \u00e9nerg\u00e9tique :<\/strong> La minimisation de la consommation d&rsquo;\u00e9nergie est importante pour la durabilit\u00e9 des usines de recyclage. <strong>Solution Efsan :<\/strong> Nous maximisons l&rsquo;efficacit\u00e9 \u00e9nerg\u00e9tique gr\u00e2ce \u00e0 des <strong>conceptions a\u00e9rodynamiques optimis\u00e9es<\/strong> et \u00e0 des <strong>ventilateurs \u00e0 commande par onduleur (VFD)<\/strong> adapt\u00e9s \u00e0 votre processus. Cela permet de r\u00e9duire \u00e0 la fois vos co\u00fbts d&rsquo;exploitation et l&rsquo;impact environnemental de votre usine.<\/li>\n<li><strong>Corrosion<\/strong> Les vapeurs chimiques provenant des d\u00e9chets ou des op\u00e9rations de traitement peuvent provoquer la corrosion des mat\u00e9riaux des ventilateurs. <strong>La solution Efsan :<\/strong> En utilisant des ventilateurs fabriqu\u00e9s dans des mat\u00e9riaux hautement r\u00e9sistants aux produits chimiques ou des rev\u00eatements protecteurs sp\u00e9ciaux, nous offrons des solutions qui r\u00e9sistent aux environnements chimiques agressifs.<\/li>\n<\/ul>\n<\/div><\/div><\/div><div class=\"fusion-layout-column fusion_builder_column_inner fusion-builder-nested-column-2 fusion_builder_column_inner_1_6 1_6 fusion-flex-column\" style=\"--awb-padding-top:10px;--awb-padding-right:10px;--awb-bg-size:cover;--awb-width-large:16.666666666667%;--awb-spacing-right-large:8.73%;--awb-margin-bottom-large:0px;--awb-spacing-left-large:8.73%;--awb-width-medium:16.666666666667%;--awb-order-medium:0;--awb-spacing-right-medium:8.73%;--awb-spacing-left-medium:8.73%;--awb-width-small:100%;--awb-order-small:0;--awb-spacing-right-small:1.455%;--awb-spacing-left-small:1.455%;\"><div class=\"fusion-column-wrapper fusion-column-has-shadow fusion-flex-justify-content-flex-start fusion-content-layout-column\"><i class=\"fb-icon-element-2 fb-icon-element fontawesome-icon awb-recruitment-arrow circle-no fusion-text-flow\" style=\"--awb-iconcolor:var(--awb-custom_color_2);--awb-iconcolor-hover:var(--awb-color4);--awb-font-size:34px;--awb-margin-bottom:30px;\"><\/i><div class=\"fusion-separator fusion-full-width-sep\" style=\"align-self: center;margin-left: auto;margin-right: auto;margin-top:10px;margin-bottom:20px;width:100%;\"><div class=\"fusion-separator-border sep-single sep-solid\" style=\"--awb-height:20px;--awb-amount:20px;border-color:var(--awb-color3);border-top-width:1px;\"><\/div><\/div><\/div><\/div><div class=\"fusion-layout-column fusion_builder_column_inner fusion-builder-nested-column-3 fusion_builder_column_inner_5_6 5_6 fusion-flex-column\" style=\"--awb-padding-right:40px;--awb-bg-size:cover;--awb-width-large:83.333333333333%;--awb-spacing-right-large:1.746%;--awb-margin-bottom-large:0px;--awb-spacing-left-large:1.746%;--awb-width-medium:83.333333333333%;--awb-order-medium:0;--awb-spacing-right-medium:1.746%;--awb-spacing-left-medium:1.746%;--awb-width-small:100%;--awb-order-small:0;--awb-spacing-right-small:1.455%;--awb-margin-bottom-small:60px;--awb-spacing-left-small:1.455%;\"><div class=\"fusion-column-wrapper fusion-column-has-shadow fusion-flex-justify-content-flex-start fusion-content-layout-column\"><div class=\"fusion-title title fusion-title-4 fusion-sep-none fusion-title-text fusion-title-size-five\" style=\"--awb-margin-bottom:10px;\"><h5 class=\"fusion-title-heading title-heading-left fusion-responsive-typography-calculated\" style=\"margin:0;--fontSize:24;line-height:1.4;\">La valeur ajout\u00e9e d&rsquo;Efsan Makina aux usines de recyclage<\/h5><\/div><div class=\"fusion-text fusion-text-4 fusion-text-no-margin\" style=\"--awb-font-size:var(--awb-typography5-font-size);--awb-line-height:var(--awb-typography5-line-height);--awb-letter-spacing:var(--awb-typography5-letter-spacing);--awb-text-transform:var(--awb-typography5-text-transform);--awb-margin-bottom:0px;--awb-text-font-family:var(--awb-typography5-font-family);--awb-text-font-weight:var(--awb-typography5-font-weight);--awb-text-font-style:var(--awb-typography5-font-style);\"><ul>\n<li><strong>Des solutions ax\u00e9es sur les processus :<\/strong> En analysant les exigences uniques de chaque processus de recyclage, nous concevons <strong>les syst\u00e8mes de ventilation les mieux adapt\u00e9s \u00e0<\/strong> des applications sp\u00e9cifiques telles que le tri des d\u00e9chets, le compostage, la production de biogaz ou la r\u00e9cup\u00e9ration de solvants.<\/li>\n<li><strong>S\u00e9curit\u00e9 et conformit\u00e9 :<\/strong> nos syst\u00e8mes de ventilation sont con\u00e7us et fabriqu\u00e9s en totale conformit\u00e9 avec toutes les r\u00e9glementations applicables en mati\u00e8re de sant\u00e9, de s\u00e9curit\u00e9 et d&rsquo;environnement (par exemple, ATEX).<\/li>\n<li><strong>Fiabilit\u00e9 et durabilit\u00e9 \u00e9lev\u00e9es :<\/strong> Con\u00e7us pour fonctionner sans interruption dans des environnements de recyclage difficiles, nos ventilateurs robustes offrent une longue dur\u00e9e de vie et de faibles co\u00fbts de maintenance.<\/li>\n<li><strong>Service et maintenance complets :<\/strong> Gr\u00e2ce \u00e0 nos services complets tels que l&rsquo;installation, la mise en service, l&rsquo;\u00e9quilibrage sur site, l&rsquo;entretien p\u00e9riodique et la fourniture de pi\u00e8ces de rechange d&rsquo;origine, nous veillons \u00e0 ce que vos syst\u00e8mes de ventilation fonctionnent avec des performances \u00e9lev\u00e9es tout au long de leur dur\u00e9e de vie et nous assurons votre continuit\u00e9 op\u00e9rationnelle.<\/li>\n<\/ul>\n<p>Si vous avez besoin d&rsquo;un syst\u00e8me de ventilation fiable, respectueux de l&rsquo;environnement et \u00e9conome en \u00e9nergie pour votre usine de recyclage, vous pouvez compter sur l&rsquo;expertise d&rsquo;Efsan Makina en mati\u00e8re d&rsquo;ing\u00e9nierie. Contactez-nous pour en savoir plus sur vos projets et d\u00e9couvrir nos solutions personnalis\u00e9es pour votre installation.<\/p>\n<\/div><\/div><\/div><\/div><\/div><\/div><div class=\"fusion-layout-column fusion_builder_column fusion-builder-column-2 fusion_builder_column_1_3 1_3 fusion-flex-column fusion-flex-align-self-stretch\" style=\"--awb-padding-top-small:200px;--awb-padding-bottom-small:200px;--awb-overflow:hidden;--awb-bg-position:center center;--awb-bg-size:cover;--awb-border-radius:20px 20px 20px 20px;--awb-width-large:33.333333333333%;--awb-spacing-right-large:4.365%;--awb-margin-bottom-large:0px;--awb-spacing-left-large:4.365%;--awb-width-medium:33.333333333333%;--awb-order-medium:0;--awb-spacing-right-medium:4.365%;--awb-spacing-left-medium:4.365%;--awb-width-small:100%;--awb-order-small:1;--awb-spacing-right-small:1.455%;--awb-margin-bottom-small:48px;--awb-spacing-left-small:1.455%;\" data-scroll-devices=\"small-visibility,medium-visibility,large-visibility\"><div class=\"fusion-column-wrapper lazyload fusion-column-has-shadow fusion-flex-justify-content-flex-start fusion-content-layout-column fusion-column-has-bg-image\" data-bg-url=\"https:\/\/efsan.com\/wp-content\/uploads\/2025\/06\/geri-donusum-cozum.webp\" data-bg=\"https:\/\/efsan.com\/wp-content\/uploads\/2025\/06\/geri-donusum-cozum.webp\"><div class=\"fusion-separator fusion-full-width-sep\" style=\"align-self: center;margin-left: auto;margin-right: auto;width:100%;\"><\/div><\/div><\/div><\/div><\/div><div class=\"fusion-fullwidth fullwidth-box fusion-builder-row-3 fusion-flex-container has-pattern-background has-mask-background nonhundred-percent-fullwidth non-hundred-percent-height-scrolling\" style=\"--awb-border-radius-top-left:0px;--awb-border-radius-top-right:0px;--awb-border-radius-bottom-right:0px;--awb-border-radius-bottom-left:0px;--awb-padding-top:20px;--awb-padding-bottom:20px;--awb-flex-wrap:wrap;\" ><div class=\"fusion-builder-row fusion-row fusion-flex-align-items-flex-start fusion-flex-content-wrap\" style=\"max-width:1442px;margin-left: calc(-3% \/ 2 );margin-right: calc(-3% \/ 2 );\"><div class=\"fusion-layout-column fusion_builder_column fusion-builder-column-3 fusion_builder_column_1_1 1_1 fusion-flex-column\" style=\"--awb-padding-top:64px;--awb-padding-right:80px;--awb-padding-bottom:64px;--awb-padding-left:80px;--awb-padding-top-small:48px;--awb-padding-right-small:64px;--awb-padding-bottom-small:48px;--awb-padding-left-small:64px;--awb-overflow:hidden;--awb-bg-color:var(--awb-color4);--awb-bg-color-hover:var(--awb-color4);--awb-bg-position:center center;--awb-bg-blend:multiply;--awb-bg-size:cover;--awb-border-radius:20px 20px 20px 20px;--awb-width-large:100%;--awb-spacing-right-large:1.455%;--awb-margin-bottom-large:0px;--awb-spacing-left-large:1.455%;--awb-width-medium:100%;--awb-order-medium:0;--awb-spacing-right-medium:1.455%;--awb-spacing-left-medium:1.455%;--awb-width-small:100%;--awb-order-small:0;--awb-spacing-right-small:1.455%;--awb-spacing-left-small:1.455%;\" data-scroll-devices=\"small-visibility,medium-visibility,large-visibility\"><div class=\"fusion-column-wrapper lazyload fusion-column-has-shadow fusion-flex-justify-content-flex-start fusion-content-layout-column fusion-column-has-bg-image\" data-bg-url=\"https:\/\/efsan.com\/wp-content\/uploads\/2024\/11\/cta-bg-1.png\" data-bg=\"https:\/\/efsan.com\/wp-content\/uploads\/2024\/11\/cta-bg-1.png\"><div class=\"fusion-title title fusion-title-5 fusion-sep-none fusion-title-text fusion-title-size-three\" style=\"--awb-text-color:var(--awb-color1);--awb-margin-bottom:32px;--awb-margin-bottom-small:40px;\"><h3 class=\"fusion-title-heading title-heading-left fusion-responsive-typography-calculated\" style=\"margin:0;--fontSize:36;line-height:var(--awb-typography1-line-height);\">Rendement \u00e9lev\u00e9, r\u00e9sistance maximale ! D\u00e9couvrez la technologie des ventilateurs Efsan Makina pour vos solutions industrielles.<\/h3><\/div><div class=\"fusion-builder-row fusion-builder-row-inner fusion-row fusion-flex-align-items-flex-start fusion-flex-content-wrap\" style=\"width:103% !important;max-width:103% !important;margin-left: calc(-3% \/ 2 );margin-right: calc(-3% \/ 2 );\"><div class=\"fusion-layout-column fusion_builder_column_inner fusion-builder-nested-column-4 fusion-flex-column fusion-flex-align-self-center\" style=\"--awb-padding-bottom:15px;--awb-bg-size:cover;--awb-width-large:32%;--awb-spacing-right-large:4.546875%;--awb-margin-bottom-large:0px;--awb-spacing-left-large:4.546875%;--awb-width-medium:32%;--awb-order-medium:0;--awb-spacing-right-medium:4.546875%;--awb-spacing-left-medium:4.546875%;--awb-width-small:100%;--awb-order-small:0;--awb-spacing-right-small:1.455%;--awb-spacing-left-small:1.455%;\"><div class=\"fusion-column-wrapper fusion-column-has-shadow fusion-flex-justify-content-flex-start fusion-content-layout-column\"><div ><a class=\"fusion-button button-flat fusion-button-default-size button-custom fusion-button-default button-1 fusion-button-default-span fusion-button-default-type awb-b-icon-pos-right\" style=\"--button_accent_color:var(--awb-color1);--button_accent_hover_color:var(--awb-color6);--button_border_hover_color:var(--awb-color1);--button_gradient_top_color:var(--awb-color6);--button_gradient_bottom_color:var(--awb-color6);--button_gradient_top_color_hover:var(--awb-color7);--button_gradient_bottom_color_hover:var(--awb-color7);\" target=\"_self\" data-hover=\"icon_position\" href=\"#\"><span class=\"fusion-button-text awb-button__text awb-button__text--default\">T\u00e9l\u00e9charger le catalogue Pdf<\/span><i class=\"awb-recruitment-arrow-btn awb-button__icon awb-button__icon--default button-icon-right\" aria-hidden=\"true\"><\/i><i class=\"awb-recruitment-arrow-btn awb-button__icon awb-button__icon--default button-icon-right\" aria-hidden=\"true\"><\/i><\/a><\/div><\/div><\/div><div class=\"fusion-layout-column fusion_builder_column_inner fusion-builder-nested-column-5 fusion-flex-column\" style=\"--awb-padding-top:8px;--awb-bg-size:cover;--awb-width-large:65%;--awb-spacing-right-large:2.2384615384615%;--awb-margin-bottom-large:0px;--awb-spacing-left-large:2.2384615384615%;--awb-width-medium:65%;--awb-order-medium:0;--awb-spacing-right-medium:2.2384615384615%;--awb-spacing-left-medium:2.2384615384615%;--awb-width-small:100%;--awb-order-small:0;--awb-spacing-right-small:1.455%;--awb-spacing-left-small:1.455%;\"><div class=\"fusion-column-wrapper fusion-column-has-shadow fusion-flex-justify-content-flex-start fusion-content-layout-column\"><div class=\"fusion-title title fusion-title-6 fusion-sep-none fusion-title-text fusion-title-size-div\" style=\"--awb-text-color:var(--awb-color1);--awb-margin-top:10px;--awb-margin-bottom:10px;--awb-margin-bottom-small:15px;--awb-font-size:23px;\"><div class=\"fusion-title-heading title-heading-left title-heading-tag fusion-responsive-typography-calculated\" style=\"font-family:var(--awb-typography1-font-family);font-weight:var(--awb-typography1-font-weight);font-style:var(--awb-typography1-font-style);margin:0;font-size:1em;letter-spacing:var(--awb-typography1-letter-spacing);text-transform:var(--awb-typography1-text-transform);--fontSize:23;line-height:var(--awb-typography1-line-height);\">Appelez-nous. Obtenez un devis imm\u00e9diatement ! +90 258 264 00 76 - info@efsan.com<\/div><\/div><\/div><\/div><\/div><\/div><\/div><\/div><\/div><\/p>\n","protected":false},"excerpt":{"rendered":"","protected":false},"author":4,"featured_media":7597,"parent":8058,"menu_order":0,"comment_status":"closed","ping_status":"closed","template":"100-width.php","meta":{"footnotes":""},"class_list":["post-8095","page","type-page","status-publish","has-post-thumbnail","hentry"],"_links":{"self":[{"href":"https:\/\/efsan.com\/fr\/wp-json\/wp\/v2\/pages\/8095","targetHints":{"allow":["GET"]}}],"collection":[{"href":"https:\/\/efsan.com\/fr\/wp-json\/wp\/v2\/pages"}],"about":[{"href":"https:\/\/efsan.com\/fr\/wp-json\/wp\/v2\/types\/page"}],"author":[{"embeddable":true,"href":"https:\/\/efsan.com\/fr\/wp-json\/wp\/v2\/users\/4"}],"replies":[{"embeddable":true,"href":"https:\/\/efsan.com\/fr\/wp-json\/wp\/v2\/comments?post=8095"}],"version-history":[{"count":10,"href":"https:\/\/efsan.com\/fr\/wp-json\/wp\/v2\/pages\/8095\/revisions"}],"predecessor-version":[{"id":11054,"href":"https:\/\/efsan.com\/fr\/wp-json\/wp\/v2\/pages\/8095\/revisions\/11054"}],"up":[{"embeddable":true,"href":"https:\/\/efsan.com\/fr\/wp-json\/wp\/v2\/pages\/8058"}],"wp:featuredmedia":[{"embeddable":true,"href":"https:\/\/efsan.com\/fr\/wp-json\/wp\/v2\/media\/7597"}],"wp:attachment":[{"href":"https:\/\/efsan.com\/fr\/wp-json\/wp\/v2\/media?parent=8095"}],"curies":[{"name":"wp","href":"https:\/\/api.w.org\/{rel}","templated":true}]}}