{"id":8082,"date":"2025-05-13T02:18:13","date_gmt":"2025-05-12T23:18:13","guid":{"rendered":"https:\/\/efsan.com\/solutions\/solutions-de-ventilateurs-pour-le-secteur-alimentaire\/"},"modified":"2025-11-06T14:25:49","modified_gmt":"2025-11-06T11:25:49","slug":"solutions-de-ventilateurs-pour-le-secteur-alimentaire","status":"publish","type":"page","link":"https:\/\/efsan.com\/fr\/solutions\/solutions-de-ventilateurs-pour-le-secteur-alimentaire\/","title":{"rendered":"Solutions de ventilateurs pour le secteur alimentaire"},"content":{"rendered":"<p><div class=\"fusion-fullwidth fullwidth-box fusion-builder-row-1 fusion-flex-container has-pattern-background has-mask-background hundred-percent-fullwidth non-hundred-percent-height-scrolling\" style=\"--awb-border-radius-top-left:0px;--awb-border-radius-top-right:0px;--awb-border-radius-bottom-right:0px;--awb-border-radius-bottom-left:0px;--awb-padding-right:72px;--awb-padding-left:72px;--awb-padding-right-small:30px;--awb-padding-left-small:30px;--awb-flex-wrap:wrap;\" ><div class=\"fusion-builder-row fusion-row fusion-flex-align-items-flex-start fusion-flex-content-wrap\" style=\"width:103% !important;max-width:103% !important;margin-left: calc(-3% \/ 2 );margin-right: calc(-3% \/ 2 );\"><div class=\"fusion-layout-column fusion_builder_column fusion-builder-column-0 fusion_builder_column_1_1 1_1 fusion-flex-column\" style=\"--awb-padding-top:120px;--awb-padding-right:72px;--awb-padding-bottom:120px;--awb-padding-left:72px;--awb-padding-bottom-medium:72px;--awb-padding-bottom-small:80px;--awb-overflow:hidden;--awb-bg-image:linear-gradient(180deg, rgba(43,43,43,0.5) 0%,rgba(43,43,43,0.5) 100%);;--awb-bg-position:center center;--awb-bg-size:cover;--awb-border-radius:20px 20px 20px 20px;--awb-width-large:100%;--awb-spacing-right-large:1.455%;--awb-margin-bottom-large:0px;--awb-spacing-left-large:1.455%;--awb-width-medium:100%;--awb-order-medium:0;--awb-spacing-right-medium:1.455%;--awb-margin-bottom-medium:40px;--awb-spacing-left-medium:1.455%;--awb-width-small:100%;--awb-order-small:0;--awb-spacing-right-small:1.455%;--awb-spacing-left-small:1.455%;\" data-scroll-devices=\"small-visibility,medium-visibility,large-visibility\"><div class=\"fusion-column-wrapper lazyload fusion-column-has-shadow fusion-flex-justify-content-flex-start fusion-content-layout-column fusion-column-has-bg-image\" data-bg-url=\"https:\/\/efsan.com\/wp-content\/uploads\/2025\/10\/sut-fabrikasi-2364967.jpg\" data-bg=\"https:\/\/efsan.com\/wp-content\/uploads\/2025\/10\/sut-fabrikasi-2364967.jpg\" data-bg-gradient=\"linear-gradient(180deg, rgba(43,43,43,0.5) 0%,rgba(43,43,43,0.5) 100%)\"><div class=\"fusion-title title fusion-title-1 fusion-sep-none fusion-title-center fusion-title-text fusion-title-size-one\" style=\"--awb-text-color:var(--awb-color1);--awb-font-size:52px;\"><h1 class=\"fusion-title-heading title-heading-center fusion-responsive-typography-calculated\" style=\"margin:0;font-size:1em;--fontSize:52;line-height:var(--awb-typography1-line-height);\">Solutions de ventilateurs pour le secteur alimentaire<\/h1><\/div><nav class=\"fusion-breadcrumbs fusion-breadcrumbs-1\" style=\"--awb-margin-bottom:12px;--awb-alignment:center;--awb-text-color:var(--awb-color1);--awb-breadcrumb-sep:&#039;|&#039;;text-align:center;\" aria-label=\"Breadcrumb\"><ol class=\"awb-breadcrumb-list\"><\/ol><\/nav><\/div><\/div><\/div><\/div><div class=\"fusion-fullwidth fullwidth-box fusion-builder-row-2 fusion-flex-container has-pattern-background has-mask-background nonhundred-percent-fullwidth non-hundred-percent-height-scrolling\" style=\"--awb-border-radius-top-left:0px;--awb-border-radius-top-right:0px;--awb-border-radius-bottom-right:0px;--awb-border-radius-bottom-left:0px;--awb-padding-top:20px;--awb-padding-bottom:20px;--awb-flex-wrap:wrap;\" ><div class=\"fusion-builder-row fusion-row fusion-flex-align-items-flex-start fusion-flex-content-wrap\" style=\"max-width:1442px;margin-left: calc(-3% \/ 2 );margin-right: calc(-3% \/ 2 );\"><div class=\"fusion-layout-column fusion_builder_column fusion-builder-column-1 fusion_builder_column_2_3 2_3 fusion-flex-column\" style=\"--awb-padding-top:20px;--awb-padding-right:10px;--awb-padding-left:10px;--awb-padding-right-small:0px;--awb-padding-left-small:0px;--awb-bg-size:cover;--awb-width-large:66.666666666667%;--awb-spacing-right-large:1.6005%;--awb-margin-bottom-large:0px;--awb-spacing-left-large:1.455%;--awb-width-medium:66.666666666667%;--awb-order-medium:0;--awb-spacing-right-medium:1.6005%;--awb-spacing-left-medium:1.455%;--awb-width-small:100%;--awb-order-small:2;--awb-spacing-right-small:1.455%;--awb-margin-bottom-small:60px;--awb-spacing-left-small:1.455%;\"><div class=\"fusion-column-wrapper fusion-column-has-shadow fusion-flex-justify-content-flex-start fusion-content-layout-column\"><div class=\"fusion-text fusion-text-1 fusion-text-no-margin\" style=\"--awb-font-size:var(--awb-typography2-font-size);--awb-line-height:var(--awb-typography2-line-height);--awb-letter-spacing:var(--awb-typography2-letter-spacing);--awb-text-transform:var(--awb-typography2-text-transform);--awb-margin-bottom:10px;--awb-text-font-family:var(--awb-typography2-font-family);--awb-text-font-weight:var(--awb-typography2-font-weight);--awb-text-font-style:var(--awb-typography2-font-style);\"><p>25 ans d&rsquo;exp\u00e9rience et d&rsquo;ing\u00e9nierie pour g\u00e9rer la technologie de l&rsquo;air<\/p>\n<\/div><div class=\"fusion-title title fusion-title-2 fusion-sep-none fusion-title-text fusion-title-size-two\" style=\"--awb-margin-bottom-small:30px;\"><h2 class=\"fusion-title-heading title-heading-left fusion-responsive-typography-calculated\" style=\"margin:0;--fontSize:42;line-height:var(--awb-typography1-line-height);\">Solutions de ventilateurs pour le secteur alimentaire<\/h2><\/div><div class=\"fusion-text fusion-text-2 fusion-text-no-margin\" style=\"--awb-margin-bottom:10px;\"><p>L&rsquo;industrie alimentaire exige les normes les plus strictes en mati\u00e8re d \u00ab <strong>hygi\u00e8ne, de contr\u00f4le de la temp\u00e9rature et de l&rsquo;humidit\u00e9<\/strong> \u00e0 chaque \u00e9tape, de la production \u00e0 l&#8217;emballage. Les syst\u00e8mes de ventilation jouent un r\u00f4le cl\u00e9 dans les processus critiques tels que le s\u00e9chage, le refroidissement, la ventilation, la circulation de l&rsquo;air dans les fours, l \u00bb \u00e9vacuation de la vapeur et la d\u00e9sodorisation dans les usines de transformation des aliments. Dans cet environnement sensible, il est imp\u00e9ratif que les ventilateurs soient non seulement efficaces, mais aussi conformes aux normes de s\u00e9curit\u00e9 alimentaire, faciles \u00e0 nettoyer et r\u00e9sistants \u00e0 la corrosion.<\/p>\n<p>En tant qu&rsquo;Efsan Makina, nous concevons, fabriquons et mettons en service des <strong>syst\u00e8mes de ventilation hygi\u00e9niques, fiables et \u00e9conomes en \u00e9nergie pour r\u00e9pondre aux exigences sp\u00e9cifiques et m\u00e9ticuleuses de l&rsquo;industrie alimentaire<\/strong>. Nous vous aidons \u00e0 maintenir la qualit\u00e9 et la s\u00e9curit\u00e9 de vos produits au plus haut niveau \u00e0 chaque \u00e9tape de vos processus de production alimentaire.<\/p>\n<\/div><div class=\"fusion-builder-row fusion-builder-row-inner fusion-row fusion-flex-align-items-flex-start fusion-flex-content-wrap\" style=\"width:103% !important;max-width:103% !important;margin-left: calc(-3% \/ 2 );margin-right: calc(-3% \/ 2 );\"><div class=\"fusion-layout-column fusion_builder_column_inner fusion-builder-nested-column-0 fusion_builder_column_inner_1_6 1_6 fusion-flex-column\" style=\"--awb-padding-top:10px;--awb-padding-right:10px;--awb-bg-size:cover;--awb-width-large:16.666666666667%;--awb-spacing-right-large:8.73%;--awb-margin-bottom-large:0px;--awb-spacing-left-large:8.73%;--awb-width-medium:16.666666666667%;--awb-order-medium:0;--awb-spacing-right-medium:8.73%;--awb-spacing-left-medium:8.73%;--awb-width-small:100%;--awb-order-small:0;--awb-spacing-right-small:1.455%;--awb-spacing-left-small:1.455%;\"><div class=\"fusion-column-wrapper fusion-column-has-shadow fusion-flex-justify-content-flex-start fusion-content-layout-column\"><i class=\"fb-icon-element-1 fb-icon-element fontawesome-icon awb-recruitment-arrow circle-no fusion-text-flow\" style=\"--awb-iconcolor:var(--awb-custom_color_2);--awb-iconcolor-hover:var(--awb-color4);--awb-font-size:34px;--awb-margin-bottom:30px;\"><\/i><div class=\"fusion-separator fusion-full-width-sep\" style=\"align-self: center;margin-left: auto;margin-right: auto;margin-top:10px;margin-bottom:20px;width:100%;\"><div class=\"fusion-separator-border sep-single sep-solid\" style=\"--awb-height:20px;--awb-amount:20px;border-color:var(--awb-color3);border-top-width:1px;\"><\/div><\/div><\/div><\/div><div class=\"fusion-layout-column fusion_builder_column_inner fusion-builder-nested-column-1 fusion_builder_column_inner_5_6 5_6 fusion-flex-column\" style=\"--awb-padding-right:40px;--awb-bg-size:cover;--awb-width-large:83.333333333333%;--awb-spacing-right-large:1.746%;--awb-margin-bottom-large:0px;--awb-spacing-left-large:1.746%;--awb-width-medium:83.333333333333%;--awb-order-medium:0;--awb-spacing-right-medium:1.746%;--awb-spacing-left-medium:1.746%;--awb-width-small:100%;--awb-order-small:0;--awb-spacing-right-small:1.455%;--awb-margin-bottom-small:60px;--awb-spacing-left-small:1.455%;\"><div class=\"fusion-column-wrapper fusion-column-has-shadow fusion-flex-justify-content-flex-start fusion-content-layout-column\"><div class=\"fusion-title title fusion-title-3 fusion-sep-none fusion-title-text fusion-title-size-five\" style=\"--awb-margin-bottom:10px;\"><h5 class=\"fusion-title-heading title-heading-left fusion-responsive-typography-calculated\" style=\"margin:0;--fontSize:24;line-height:1.4;\">Besoins sp\u00e9ciaux dans l&rsquo;industrie alimentaire et solutions Efsan<\/h5><\/div><div class=\"fusion-text fusion-text-3 fusion-text-no-margin\" style=\"--awb-font-size:var(--awb-typography5-font-size);--awb-line-height:var(--awb-typography5-line-height);--awb-letter-spacing:var(--awb-typography5-letter-spacing);--awb-text-transform:var(--awb-typography5-text-transform);--awb-margin-bottom:0px;--awb-text-font-family:var(--awb-typography5-font-family);--awb-text-font-weight:var(--awb-typography5-font-weight);--awb-text-font-style:var(--awb-typography5-font-style);\"><p>Les ventilateurs des usines de transformation des aliments sont confront\u00e9s \u00e0 des d\u00e9fis allant des environnements humides et chauds \u00e0 l&rsquo;exposition \u00e0 des produits chimiques de nettoyage agressifs. Les solutions d&rsquo;Efsan dans ce domaine se concentrent sur les d\u00e9fis cl\u00e9s suivants :<\/p>\n<ul>\n<li><strong>Hygi\u00e8ne et facilit\u00e9 de nettoyage :<\/strong> Les ventilateurs qui entrent en contact avec les aliments ou dont le flux d&rsquo;air affecte les aliments doivent \u00eatre con\u00e7us pour emp\u00eacher la croissance bact\u00e9rienne et doivent \u00eatre faciles \u00e0 nettoyer. <strong>Solution Efsan :<\/strong> Nous utilisons des ventilateurs fabriqu\u00e9s <strong>\u00e0 partir de mat\u00e9riaux de qualit\u00e9 alimentaire tels que l&rsquo;acier inoxydable (AISI 304, AISI 316), avec des<\/strong> surfaces lisses et des conceptions internes sans angle. Nous proposons des constructions modulaires pour faciliter le d\u00e9montage et le nettoyage.<\/li>\n<li><strong>Contr\u00f4le de la temp\u00e9rature et de l&rsquo;humidit\u00e9 :<\/strong> L \u00ab \u00e9quilibre pr\u00e9cis de la temp\u00e9rature et de l&rsquo;humidit\u00e9 est vital dans les processus tels que les fours de s\u00e9chage, les entrep\u00f4ts frigorifiques ou les zones d \u00bb \u00e9vaporation. <strong>Solution Efsan :<\/strong> Nous concevons des ventilateurs <strong>r\u00e9sistants aux temp\u00e9ratures \u00e9lev\u00e9es (par exemple, les ventilateurs de circulation des fours) ou des<\/strong> ventilateurs sp\u00e9cialement isol\u00e9s <strong>pour les conditions de basse temp\u00e9rature<\/strong>. Nous proposons des syst\u00e8mes de flux d&rsquo;air optimis\u00e9s pour le contr\u00f4le de l&rsquo;humidit\u00e9.<\/li>\n<li><strong>R\u00e9sistance \u00e0 la corrosion :<\/strong> les agents de nettoyage agressifs, l&rsquo;humidit\u00e9 et les vapeurs provenant de certains processus alimentaires peuvent entra\u00eener la corrosion du m\u00e9tal du ventilateur. <strong>Solution Efsan :<\/strong> Nous prolongeons la dur\u00e9e de vie de nos ventilateurs en utilisant des alliages d&rsquo;acier inoxydable particuli\u00e8rement r\u00e9sistants \u00e0 la corrosion et des rev\u00eatements de surface durables adapt\u00e9s \u00e0 l&rsquo;industrie alimentaire.<\/li>\n<li><strong>\u00c9vacuation des odeurs et des gaz nocifs :<\/strong> Les odeurs et les vapeurs provenant des processus de friture, de cuisson ou de fermentation doivent \u00eatre \u00e9vacu\u00e9es efficacement. <strong>Solution Efsan :<\/strong> nous proposons des solutions int\u00e9gr\u00e9es avec des <strong>syst\u00e8mes de ventilation<\/strong> \u00e0 haute performance et, si n\u00e9cessaire, des unit\u00e9s de d\u00e9sodorisation pour am\u00e9liorer la qualit\u00e9 de l&rsquo;air et le confort des employ\u00e9s dans l&rsquo;usine.<\/li>\n<li><strong>Efficacit\u00e9 \u00e9nerg\u00e9tique :<\/strong> Les co\u00fbts \u00e9nerg\u00e9tiques repr\u00e9sentent un poste de d\u00e9pense important dans les installations de production alimentaire. <strong>Solution Efsan :<\/strong> En utilisant des <strong>conceptions a\u00e9rodynamiques<\/strong> et des <strong>syst\u00e8mes de contr\u00f4le \u00e0 onduleur (VFD<\/strong> ) <strong>optimis\u00e9s<\/strong> sp\u00e9cifiquement pour votre processus, nous minimisons la consommation d&rsquo;\u00e9nergie et r\u00e9duisons les co\u00fbts d&rsquo;exploitation.<\/li>\n<\/ul>\n<\/div><\/div><\/div><div class=\"fusion-layout-column fusion_builder_column_inner fusion-builder-nested-column-2 fusion_builder_column_inner_1_6 1_6 fusion-flex-column\" style=\"--awb-padding-top:10px;--awb-padding-right:10px;--awb-bg-size:cover;--awb-width-large:16.666666666667%;--awb-spacing-right-large:8.73%;--awb-margin-bottom-large:0px;--awb-spacing-left-large:8.73%;--awb-width-medium:16.666666666667%;--awb-order-medium:0;--awb-spacing-right-medium:8.73%;--awb-spacing-left-medium:8.73%;--awb-width-small:100%;--awb-order-small:0;--awb-spacing-right-small:1.455%;--awb-spacing-left-small:1.455%;\"><div class=\"fusion-column-wrapper fusion-column-has-shadow fusion-flex-justify-content-flex-start fusion-content-layout-column\"><i class=\"fb-icon-element-2 fb-icon-element fontawesome-icon awb-recruitment-arrow circle-no fusion-text-flow\" style=\"--awb-iconcolor:var(--awb-custom_color_2);--awb-iconcolor-hover:var(--awb-color4);--awb-font-size:34px;--awb-margin-bottom:30px;\"><\/i><div class=\"fusion-separator fusion-full-width-sep\" style=\"align-self: center;margin-left: auto;margin-right: auto;margin-top:10px;margin-bottom:20px;width:100%;\"><div class=\"fusion-separator-border sep-single sep-solid\" style=\"--awb-height:20px;--awb-amount:20px;border-color:var(--awb-color3);border-top-width:1px;\"><\/div><\/div><\/div><\/div><div class=\"fusion-layout-column fusion_builder_column_inner fusion-builder-nested-column-3 fusion_builder_column_inner_5_6 5_6 fusion-flex-column\" style=\"--awb-padding-right:40px;--awb-bg-size:cover;--awb-width-large:83.333333333333%;--awb-spacing-right-large:1.746%;--awb-margin-bottom-large:0px;--awb-spacing-left-large:1.746%;--awb-width-medium:83.333333333333%;--awb-order-medium:0;--awb-spacing-right-medium:1.746%;--awb-spacing-left-medium:1.746%;--awb-width-small:100%;--awb-order-small:0;--awb-spacing-right-small:1.455%;--awb-margin-bottom-small:60px;--awb-spacing-left-small:1.455%;\"><div class=\"fusion-column-wrapper fusion-column-has-shadow fusion-flex-justify-content-flex-start fusion-content-layout-column\"><div class=\"fusion-title title fusion-title-4 fusion-sep-none fusion-title-text fusion-title-size-five\" style=\"--awb-margin-bottom:10px;\"><h5 class=\"fusion-title-heading title-heading-left fusion-responsive-typography-calculated\" style=\"margin:0;--fontSize:24;line-height:1.4;\">La valeur ajout\u00e9e d&rsquo;Efsan Makina \u00e0 l&rsquo;industrie alimentaire<\/h5><\/div><div class=\"fusion-text fusion-text-4 fusion-text-no-margin\" style=\"--awb-font-size:var(--awb-typography5-font-size);--awb-line-height:var(--awb-typography5-line-height);--awb-letter-spacing:var(--awb-typography5-letter-spacing);--awb-text-transform:var(--awb-typography5-text-transform);--awb-margin-bottom:0px;--awb-text-font-family:var(--awb-typography5-font-family);--awb-text-font-weight:var(--awb-typography5-font-weight);--awb-text-font-style:var(--awb-typography5-font-style);\"><ul>\n<li><strong>Conformit\u00e9 aux normes de s\u00e9curit\u00e9 alimentaire :<\/strong> nos ventilateurs sont con\u00e7us et fabriqu\u00e9s conform\u00e9ment \u00e0 toutes les normes d&rsquo;hygi\u00e8ne et de s\u00e9curit\u00e9 (par exemple, les principes HACCP) de l&rsquo;industrie alimentaire.<\/li>\n<li><strong>Conception et ing\u00e9nierie sur mesure :<\/strong> Nous fournissons des <strong>solutions de ventilation cl\u00e9s en main<\/strong> bas\u00e9es sur le processus unique et les exigences d&rsquo;hygi\u00e8ne de chaque usine de transformation des aliments. Notre \u00e9quipe d&rsquo;ing\u00e9nieurs travaille avec vous tout au long du processus, depuis l&rsquo;analyse du syst\u00e8me et la s\u00e9lection des ventilateurs jusqu&rsquo;\u00e0 la mise en service finale.<\/li>\n<li><strong>Service et maintenance complets :<\/strong> Gr\u00e2ce \u00e0 nos services complets tels que l&rsquo;installation, la mise en service, l&rsquo;entretien p\u00e9riodique, l&rsquo;\u00e9quilibrage sur site et la fourniture de pi\u00e8ces de rechange d&rsquo;origine, nous garantissons des performances \u00e9lev\u00e9es et une s\u00e9curit\u00e9 op\u00e9rationnelle tout au long de la dur\u00e9e de vie de vos syst\u00e8mes de ventilation.<\/li>\n<li><strong>Fiabilit\u00e9 et durabilit\u00e9 \u00e9lev\u00e9es :<\/strong> Construits pour r\u00e9sister aux conditions difficiles de l&rsquo;industrie alimentaire, nos ventilateurs offrent une continuit\u00e9 de fonctionnement maximale avec une maintenance minimale.<\/li>\n<\/ul>\n<p>Si vous avez besoin d&rsquo;un syst\u00e8me de ventilation hygi\u00e9nique, fiable et \u00e9conome en \u00e9nergie pour votre installation de production alimentaire, vous pouvez compter sur l&rsquo;exp\u00e9rience et l&rsquo;expertise technique d&rsquo;Efsan Makina dans ce secteur. Contactez-nous pour en savoir plus sur vos projets et d\u00e9couvrir nos solutions personnalis\u00e9es pour votre installation.<\/p>\n<\/div><\/div><\/div><\/div><\/div><\/div><div class=\"fusion-layout-column fusion_builder_column fusion-builder-column-2 fusion_builder_column_1_3 1_3 fusion-flex-column fusion-flex-align-self-stretch\" style=\"--awb-padding-top-small:200px;--awb-padding-bottom-small:200px;--awb-overflow:hidden;--awb-bg-position:center center;--awb-bg-size:cover;--awb-border-radius:20px 20px 20px 20px;--awb-width-large:33.333333333333%;--awb-spacing-right-large:2.91%;--awb-margin-bottom-large:0px;--awb-spacing-left-large:2.91%;--awb-width-medium:33.333333333333%;--awb-order-medium:0;--awb-spacing-right-medium:2.91%;--awb-spacing-left-medium:2.91%;--awb-width-small:100%;--awb-order-small:1;--awb-spacing-right-small:1.455%;--awb-margin-bottom-small:48px;--awb-spacing-left-small:1.455%;\" data-scroll-devices=\"small-visibility,medium-visibility,large-visibility\"><div class=\"fusion-column-wrapper lazyload fusion-column-has-shadow fusion-flex-justify-content-flex-start fusion-content-layout-column fusion-column-has-bg-image\" data-bg-url=\"https:\/\/efsan.com\/wp-content\/uploads\/2025\/06\/gida-cozum.webp\" data-bg=\"https:\/\/efsan.com\/wp-content\/uploads\/2025\/06\/gida-cozum.webp\"><div class=\"fusion-separator fusion-full-width-sep\" style=\"align-self: center;margin-left: auto;margin-right: auto;width:100%;\"><\/div><\/div><\/div><\/div><\/div><div class=\"fusion-fullwidth fullwidth-box fusion-builder-row-3 fusion-flex-container has-pattern-background has-mask-background nonhundred-percent-fullwidth non-hundred-percent-height-scrolling\" style=\"--awb-border-radius-top-left:0px;--awb-border-radius-top-right:0px;--awb-border-radius-bottom-right:0px;--awb-border-radius-bottom-left:0px;--awb-padding-top:20px;--awb-padding-bottom:20px;--awb-flex-wrap:wrap;\" ><div class=\"fusion-builder-row fusion-row fusion-flex-align-items-flex-start fusion-flex-content-wrap\" style=\"max-width:1442px;margin-left: calc(-3% \/ 2 );margin-right: calc(-3% \/ 2 );\"><div class=\"fusion-layout-column fusion_builder_column fusion-builder-column-3 fusion_builder_column_1_1 1_1 fusion-flex-column\" style=\"--awb-padding-top:64px;--awb-padding-right:80px;--awb-padding-bottom:64px;--awb-padding-left:80px;--awb-padding-top-small:48px;--awb-padding-right-small:64px;--awb-padding-bottom-small:48px;--awb-padding-left-small:64px;--awb-overflow:hidden;--awb-bg-color:var(--awb-color4);--awb-bg-color-hover:var(--awb-color4);--awb-bg-position:center center;--awb-bg-blend:multiply;--awb-bg-size:cover;--awb-border-radius:20px 20px 20px 20px;--awb-width-large:100%;--awb-spacing-right-large:1.455%;--awb-margin-bottom-large:0px;--awb-spacing-left-large:1.455%;--awb-width-medium:100%;--awb-order-medium:0;--awb-spacing-right-medium:1.455%;--awb-spacing-left-medium:1.455%;--awb-width-small:100%;--awb-order-small:0;--awb-spacing-right-small:1.455%;--awb-spacing-left-small:1.455%;\" data-scroll-devices=\"small-visibility,medium-visibility,large-visibility\"><div class=\"fusion-column-wrapper lazyload fusion-column-has-shadow fusion-flex-justify-content-flex-start fusion-content-layout-column fusion-column-has-bg-image\" data-bg-url=\"https:\/\/efsan.com\/wp-content\/uploads\/2024\/11\/cta-bg-1.png\" data-bg=\"https:\/\/efsan.com\/wp-content\/uploads\/2024\/11\/cta-bg-1.png\"><div class=\"fusion-title title fusion-title-5 fusion-sep-none fusion-title-text fusion-title-size-three\" style=\"--awb-text-color:var(--awb-color1);--awb-margin-bottom:32px;--awb-margin-bottom-small:40px;\"><h3 class=\"fusion-title-heading title-heading-left fusion-responsive-typography-calculated\" style=\"margin:0;--fontSize:36;line-height:var(--awb-typography1-line-height);\">Rendement \u00e9lev\u00e9, r\u00e9sistance maximale ! D\u00e9couvrez la technologie des ventilateurs Efsan Makina pour vos solutions industrielles.<\/h3><\/div><div class=\"fusion-builder-row fusion-builder-row-inner fusion-row fusion-flex-align-items-flex-start fusion-flex-content-wrap\" style=\"width:103% !important;max-width:103% !important;margin-left: calc(-3% \/ 2 );margin-right: calc(-3% \/ 2 );\"><div class=\"fusion-layout-column fusion_builder_column_inner fusion-builder-nested-column-4 fusion-flex-column fusion-flex-align-self-center\" style=\"--awb-padding-bottom:15px;--awb-bg-size:cover;--awb-width-large:32%;--awb-spacing-right-large:4.546875%;--awb-margin-bottom-large:0px;--awb-spacing-left-large:4.546875%;--awb-width-medium:32%;--awb-order-medium:0;--awb-spacing-right-medium:4.546875%;--awb-spacing-left-medium:4.546875%;--awb-width-small:100%;--awb-order-small:0;--awb-spacing-right-small:1.455%;--awb-spacing-left-small:1.455%;\"><div class=\"fusion-column-wrapper fusion-column-has-shadow fusion-flex-justify-content-flex-start fusion-content-layout-column\"><div ><a class=\"fusion-button button-flat fusion-button-default-size button-custom fusion-button-default button-1 fusion-button-default-span fusion-button-default-type awb-b-icon-pos-right\" style=\"--button_accent_color:var(--awb-color1);--button_accent_hover_color:var(--awb-color6);--button_border_hover_color:var(--awb-color1);--button_gradient_top_color:var(--awb-color6);--button_gradient_bottom_color:var(--awb-color6);--button_gradient_top_color_hover:var(--awb-color7);--button_gradient_bottom_color_hover:var(--awb-color7);\" target=\"_self\" data-hover=\"icon_position\" href=\"#\"><span class=\"fusion-button-text awb-button__text awb-button__text--default\">T\u00e9l\u00e9charger le catalogue Pdf<\/span><i class=\"awb-recruitment-arrow-btn awb-button__icon awb-button__icon--default button-icon-right\" aria-hidden=\"true\"><\/i><i class=\"awb-recruitment-arrow-btn awb-button__icon awb-button__icon--default button-icon-right\" aria-hidden=\"true\"><\/i><\/a><\/div><\/div><\/div><div class=\"fusion-layout-column fusion_builder_column_inner fusion-builder-nested-column-5 fusion-flex-column\" style=\"--awb-padding-top:8px;--awb-bg-size:cover;--awb-width-large:65%;--awb-spacing-right-large:2.2384615384615%;--awb-margin-bottom-large:0px;--awb-spacing-left-large:2.2384615384615%;--awb-width-medium:65%;--awb-order-medium:0;--awb-spacing-right-medium:2.2384615384615%;--awb-spacing-left-medium:2.2384615384615%;--awb-width-small:100%;--awb-order-small:0;--awb-spacing-right-small:1.455%;--awb-spacing-left-small:1.455%;\"><div class=\"fusion-column-wrapper fusion-column-has-shadow fusion-flex-justify-content-flex-start fusion-content-layout-column\"><div class=\"fusion-title title fusion-title-6 fusion-sep-none fusion-title-text fusion-title-size-div\" style=\"--awb-text-color:var(--awb-color1);--awb-margin-top:10px;--awb-margin-bottom:10px;--awb-margin-bottom-small:15px;--awb-font-size:23px;\"><div class=\"fusion-title-heading title-heading-left title-heading-tag fusion-responsive-typography-calculated\" style=\"font-family:var(--awb-typography1-font-family);font-weight:var(--awb-typography1-font-weight);font-style:var(--awb-typography1-font-style);margin:0;font-size:1em;letter-spacing:var(--awb-typography1-letter-spacing);text-transform:var(--awb-typography1-text-transform);--fontSize:23;line-height:var(--awb-typography1-line-height);\">Appelez-nous. Obtenez un devis imm\u00e9diatement ! +90 258 264 00 76 - info@efsan.com<\/div><\/div><\/div><\/div><\/div><\/div><\/div><\/div><\/div><\/p>\n","protected":false},"excerpt":{"rendered":"","protected":false},"author":4,"featured_media":10898,"parent":8058,"menu_order":0,"comment_status":"closed","ping_status":"closed","template":"100-width.php","meta":{"footnotes":""},"class_list":["post-8082","page","type-page","status-publish","has-post-thumbnail","hentry"],"_links":{"self":[{"href":"https:\/\/efsan.com\/fr\/wp-json\/wp\/v2\/pages\/8082","targetHints":{"allow":["GET"]}}],"collection":[{"href":"https:\/\/efsan.com\/fr\/wp-json\/wp\/v2\/pages"}],"about":[{"href":"https:\/\/efsan.com\/fr\/wp-json\/wp\/v2\/types\/page"}],"author":[{"embeddable":true,"href":"https:\/\/efsan.com\/fr\/wp-json\/wp\/v2\/users\/4"}],"replies":[{"embeddable":true,"href":"https:\/\/efsan.com\/fr\/wp-json\/wp\/v2\/comments?post=8082"}],"version-history":[{"count":11,"href":"https:\/\/efsan.com\/fr\/wp-json\/wp\/v2\/pages\/8082\/revisions"}],"predecessor-version":[{"id":11033,"href":"https:\/\/efsan.com\/fr\/wp-json\/wp\/v2\/pages\/8082\/revisions\/11033"}],"up":[{"embeddable":true,"href":"https:\/\/efsan.com\/fr\/wp-json\/wp\/v2\/pages\/8058"}],"wp:featuredmedia":[{"embeddable":true,"href":"https:\/\/efsan.com\/fr\/wp-json\/wp\/v2\/media\/10898"}],"wp:attachment":[{"href":"https:\/\/efsan.com\/fr\/wp-json\/wp\/v2\/media?parent=8082"}],"curies":[{"name":"wp","href":"https:\/\/api.w.org\/{rel}","templated":true}]}}