{"id":8038,"date":"2025-05-13T02:04:47","date_gmt":"2025-05-12T23:04:47","guid":{"rendered":"https:\/\/efsan.com\/services\/test-mesure\/"},"modified":"2025-11-06T14:06:10","modified_gmt":"2025-11-06T11:06:10","slug":"test-mesure","status":"publish","type":"page","link":"https:\/\/efsan.com\/fr\/services\/test-mesure\/","title":{"rendered":"Test \/ Mesure"},"content":{"rendered":"<p><div class=\"fusion-fullwidth fullwidth-box fusion-builder-row-1 fusion-flex-container has-pattern-background has-mask-background hundred-percent-fullwidth non-hundred-percent-height-scrolling\" style=\"--awb-border-radius-top-left:0px;--awb-border-radius-top-right:0px;--awb-border-radius-bottom-right:0px;--awb-border-radius-bottom-left:0px;--awb-padding-right:72px;--awb-padding-left:72px;--awb-padding-right-small:30px;--awb-padding-left-small:30px;--awb-flex-wrap:wrap;\" ><div class=\"fusion-builder-row fusion-row fusion-flex-align-items-flex-start fusion-flex-content-wrap\" style=\"width:103% !important;max-width:103% !important;margin-left: calc(-3% \/ 2 );margin-right: calc(-3% \/ 2 );\"><div class=\"fusion-layout-column fusion_builder_column fusion-builder-column-0 fusion_builder_column_1_1 1_1 fusion-flex-column\" style=\"--awb-padding-top:120px;--awb-padding-right:72px;--awb-padding-bottom:120px;--awb-padding-left:72px;--awb-padding-bottom-medium:72px;--awb-padding-bottom-small:80px;--awb-overflow:hidden;--awb-bg-image:linear-gradient(180deg, rgba(43,43,43,0.5) 0%,rgba(43,43,43,0.5) 100%);;--awb-bg-position:center center;--awb-bg-size:cover;--awb-border-radius:20px 20px 20px 20px;--awb-width-large:100%;--awb-spacing-right-large:1.455%;--awb-margin-bottom-large:0px;--awb-spacing-left-large:1.455%;--awb-width-medium:100%;--awb-order-medium:0;--awb-spacing-right-medium:1.455%;--awb-margin-bottom-medium:40px;--awb-spacing-left-medium:1.455%;--awb-width-small:100%;--awb-order-small:0;--awb-spacing-right-small:1.455%;--awb-spacing-left-small:1.455%;\" data-scroll-devices=\"small-visibility,medium-visibility,large-visibility\"><div class=\"fusion-column-wrapper lazyload fusion-column-has-shadow fusion-flex-justify-content-flex-start fusion-content-layout-column fusion-column-has-bg-image\" data-bg-url=\"https:\/\/efsan.com\/wp-content\/uploads\/2025\/05\/hizmetler-banner.webp\" data-bg=\"https:\/\/efsan.com\/wp-content\/uploads\/2025\/05\/hizmetler-banner.webp\" data-bg-gradient=\"linear-gradient(180deg, rgba(43,43,43,0.5) 0%,rgba(43,43,43,0.5) 100%)\"><div class=\"fusion-title title fusion-title-1 fusion-sep-none fusion-title-center fusion-title-text fusion-title-size-one\" style=\"--awb-text-color:var(--awb-color1);--awb-font-size:52px;\"><h1 class=\"fusion-title-heading title-heading-center fusion-responsive-typography-calculated\" style=\"margin:0;font-size:1em;--fontSize:52;line-height:var(--awb-typography1-line-height);\">Service d&rsquo;essai et de mesure<\/h1><\/div><nav class=\"fusion-breadcrumbs fusion-breadcrumbs-1\" style=\"--awb-margin-bottom:12px;--awb-alignment:center;--awb-text-color:var(--awb-color1);--awb-breadcrumb-sep:&#039;|&#039;;text-align:center;\" aria-label=\"Breadcrumb\"><ol class=\"awb-breadcrumb-list\"><\/ol><\/nav><\/div><\/div><\/div><\/div><div class=\"fusion-fullwidth fullwidth-box fusion-builder-row-2 fusion-flex-container has-pattern-background has-mask-background nonhundred-percent-fullwidth non-hundred-percent-height-scrolling\" style=\"--awb-border-radius-top-left:0px;--awb-border-radius-top-right:0px;--awb-border-radius-bottom-right:0px;--awb-border-radius-bottom-left:0px;--awb-padding-top:20px;--awb-padding-bottom:20px;--awb-flex-wrap:wrap;\" ><div class=\"fusion-builder-row fusion-row fusion-flex-align-items-flex-start fusion-flex-content-wrap\" style=\"max-width:1442px;margin-left: calc(-3% \/ 2 );margin-right: calc(-3% \/ 2 );\"><div class=\"fusion-layout-column fusion_builder_column fusion-builder-column-1 fusion_builder_column_2_3 2_3 fusion-flex-column\" style=\"--awb-padding-top:20px;--awb-padding-right:10px;--awb-padding-left:10px;--awb-padding-right-small:0px;--awb-padding-left-small:0px;--awb-bg-size:cover;--awb-width-large:66.666666666667%;--awb-spacing-right-large:1.0185%;--awb-margin-bottom-large:0px;--awb-spacing-left-large:1.0185%;--awb-width-medium:66.666666666667%;--awb-order-medium:0;--awb-spacing-right-medium:1.0185%;--awb-spacing-left-medium:1.0185%;--awb-width-small:100%;--awb-order-small:2;--awb-spacing-right-small:1.455%;--awb-margin-bottom-small:60px;--awb-spacing-left-small:1.455%;\"><div class=\"fusion-column-wrapper fusion-column-has-shadow fusion-flex-justify-content-flex-start fusion-content-layout-column\"><div class=\"fusion-text fusion-text-1 fusion-text-no-margin\" style=\"--awb-font-size:var(--awb-typography2-font-size);--awb-line-height:var(--awb-typography2-line-height);--awb-letter-spacing:var(--awb-typography2-letter-spacing);--awb-text-transform:var(--awb-typography2-text-transform);--awb-margin-bottom:20px;--awb-text-font-family:var(--awb-typography2-font-family);--awb-text-font-weight:var(--awb-typography2-font-weight);--awb-text-font-style:var(--awb-typography2-font-style);\"><p>25 ans d&rsquo;exp\u00e9rience et d&rsquo;ing\u00e9nierie pour g\u00e9rer la technologie de l&rsquo;air<\/p>\n<\/div><div class=\"fusion-title title fusion-title-2 fusion-sep-none fusion-title-text fusion-title-size-two\" style=\"--awb-margin-bottom-small:30px;\"><h2 class=\"fusion-title-heading title-heading-left fusion-responsive-typography-calculated\" style=\"margin:0;--fontSize:42;line-height:var(--awb-typography1-line-height);\">Test \/ Mesure<\/h2><\/div><div class=\"fusion-text fusion-text-2 fusion-text-no-margin\" style=\"--awb-margin-bottom:12px;\"><p>Des <strong>tests et des mesures<\/strong> exacts et pr\u00e9cis sont essentiels pour que vos syst\u00e8mes de ventilation industrielle fonctionnent comme pr\u00e9vu, qu&rsquo;ils soient efficaces sur le plan \u00e9nerg\u00e9tique et qu&rsquo;ils fonctionnent en toute s\u00e9curit\u00e9. Efsan Makina, avec son \u00e9quipement de pointe et ses ing\u00e9nieurs experts, vous fournit les donn\u00e9es scientifiques n\u00e9cessaires pour que vos ventilateurs fonctionnent avec la plus grande efficacit\u00e9 dans toutes les conditions. Nous g\u00e9rons tous les processus d&rsquo;essai et d&rsquo;analyse \u00e0 partir d&rsquo;une source unique, sans qu&rsquo;il soit n\u00e9cessaire de faire appel \u00e0 un autre prestataire de services dans le domaine des services de mesure.<\/p>\n<\/div><div class=\"fusion-builder-row fusion-builder-row-inner fusion-row fusion-flex-align-items-flex-start fusion-flex-content-wrap\" style=\"width:103% !important;max-width:103% !important;margin-left: calc(-3% \/ 2 );margin-right: calc(-3% \/ 2 );\"><div class=\"fusion-layout-column fusion_builder_column_inner fusion-builder-nested-column-0 fusion_builder_column_inner_1_6 1_6 fusion-flex-column\" style=\"--awb-padding-top:10px;--awb-padding-right:10px;--awb-bg-size:cover;--awb-width-large:16.666666666667%;--awb-spacing-right-large:8.73%;--awb-margin-bottom-large:0px;--awb-spacing-left-large:8.73%;--awb-width-medium:16.666666666667%;--awb-order-medium:0;--awb-spacing-right-medium:8.73%;--awb-spacing-left-medium:8.73%;--awb-width-small:100%;--awb-order-small:0;--awb-spacing-right-small:1.455%;--awb-spacing-left-small:1.455%;\"><div class=\"fusion-column-wrapper fusion-column-has-shadow fusion-flex-justify-content-flex-start fusion-content-layout-column\"><i class=\"fb-icon-element-1 fb-icon-element fontawesome-icon awb-recruitment-arrow circle-no fusion-text-flow\" style=\"--awb-iconcolor:var(--awb-custom_color_2);--awb-iconcolor-hover:var(--awb-color4);--awb-font-size:34px;--awb-margin-bottom:30px;\"><\/i><div class=\"fusion-separator fusion-full-width-sep\" style=\"align-self: center;margin-left: auto;margin-right: auto;margin-top:10px;margin-bottom:20px;width:100%;\"><div class=\"fusion-separator-border sep-single sep-solid\" style=\"--awb-height:20px;--awb-amount:20px;border-color:var(--awb-color3);border-top-width:1px;\"><\/div><\/div><\/div><\/div><div class=\"fusion-layout-column fusion_builder_column_inner fusion-builder-nested-column-1 fusion_builder_column_inner_5_6 5_6 fusion-flex-column\" style=\"--awb-padding-right:40px;--awb-bg-size:cover;--awb-width-large:83.333333333333%;--awb-spacing-right-large:1.746%;--awb-margin-bottom-large:0px;--awb-spacing-left-large:1.746%;--awb-width-medium:83.333333333333%;--awb-order-medium:0;--awb-spacing-right-medium:1.746%;--awb-spacing-left-medium:1.746%;--awb-width-small:100%;--awb-order-small:0;--awb-spacing-right-small:1.455%;--awb-margin-bottom-small:60px;--awb-spacing-left-small:1.455%;\"><div class=\"fusion-column-wrapper fusion-column-has-shadow fusion-flex-justify-content-flex-start fusion-content-layout-column\"><div class=\"fusion-title title fusion-title-3 fusion-sep-none fusion-title-text fusion-title-size-five\" style=\"--awb-margin-bottom:10px;\"><h5 class=\"fusion-title-heading title-heading-left fusion-responsive-typography-calculated\" style=\"margin:0;--fontSize:24;line-height:1.4;\">Des processus de mesure d\u00e9taill\u00e9s et complets<\/h5><\/div><div class=\"fusion-text fusion-text-3 fusion-text-no-margin\" style=\"--awb-font-size:var(--awb-typography5-font-size);--awb-line-height:var(--awb-typography5-line-height);--awb-letter-spacing:var(--awb-typography5-letter-spacing);--awb-text-transform:var(--awb-typography5-text-transform);--awb-margin-bottom:0px;--awb-text-font-family:var(--awb-typography5-font-family);--awb-text-font-weight:var(--awb-typography5-font-weight);--awb-text-font-style:var(--awb-typography5-font-style);\"><p>Nous utilisons des protocoles de mesure d\u00e9taill\u00e9s pour analyser pleinement les performances et l&rsquo;\u00e9tat de vos syst\u00e8mes de ventilation :<\/p>\n<ul>\n<li><strong>Mesures des performances :<\/strong> Nous mesurons les param\u00e8tres de performance de base de vos ventilateurs, tels que le d\u00e9bit, la pression, la consommation d \u00ab \u00e9nergie et l&rsquo;efficacit\u00e9, conform\u00e9ment aux normes internationales. Vous pouvez ainsi voir clairement comment votre ventilateur fonctionne conform\u00e9ment \u00e0 ses valeurs de conception et \u00e0 sa consommation d \u00bb \u00e9nergie.<\/li>\n<li><strong>Analyse des vibrations :<\/strong> La ma\u00eetrise des niveaux de vibration est essentielle pour assurer la long\u00e9vit\u00e9 et le bon fonctionnement des ventilateurs. Gr\u00e2ce \u00e0 nos appareils avanc\u00e9s de mesure des vibrations, nous d\u00e9tectons \u00e0 un stade pr\u00e9coce les \u00e9ventuels d\u00e9s\u00e9quilibres ou probl\u00e8mes m\u00e9caniques de votre ventilateur.<\/li>\n<li><strong>Mesures du niveau de bruit :<\/strong> Nous mesurons avec pr\u00e9cision les niveaux de bruit caus\u00e9s par les ventilateurs pour assurer le confort de l&rsquo;environnement de travail et respecter les r\u00e9glementations l\u00e9gales. Si n\u00e9cessaire, nous vous proposons des solutions pour r\u00e9duire le bruit.<\/li>\n<li><strong>Mesures de la vitesse et de la temp\u00e9rature :<\/strong> Nous mesurons la vitesse et la temp\u00e9rature \u00e0 des points critiques afin de comprendre les conditions de fonctionnement du ventilateur et d&rsquo;identifier les \u00e9ventuelles situations de surchauffe.<\/li>\n<\/ul>\n<\/div><\/div><\/div><div class=\"fusion-layout-column fusion_builder_column_inner fusion-builder-nested-column-2 fusion_builder_column_inner_1_6 1_6 fusion-flex-column\" style=\"--awb-padding-top:10px;--awb-padding-right:10px;--awb-bg-size:cover;--awb-width-large:16.666666666667%;--awb-spacing-right-large:8.73%;--awb-margin-bottom-large:0px;--awb-spacing-left-large:8.73%;--awb-width-medium:16.666666666667%;--awb-order-medium:0;--awb-spacing-right-medium:8.73%;--awb-spacing-left-medium:8.73%;--awb-width-small:100%;--awb-order-small:0;--awb-spacing-right-small:1.455%;--awb-spacing-left-small:1.455%;\"><div class=\"fusion-column-wrapper fusion-column-has-shadow fusion-flex-justify-content-flex-start fusion-content-layout-column\"><i class=\"fb-icon-element-2 fb-icon-element fontawesome-icon awb-recruitment-arrow circle-no fusion-text-flow\" style=\"--awb-iconcolor:var(--awb-custom_color_2);--awb-iconcolor-hover:var(--awb-color4);--awb-font-size:34px;--awb-margin-bottom:30px;\"><\/i><div class=\"fusion-separator fusion-full-width-sep\" style=\"align-self: center;margin-left: auto;margin-right: auto;margin-top:10px;margin-bottom:20px;width:100%;\"><div class=\"fusion-separator-border sep-single sep-solid\" style=\"--awb-height:20px;--awb-amount:20px;border-color:var(--awb-color3);border-top-width:1px;\"><\/div><\/div><\/div><\/div><div class=\"fusion-layout-column fusion_builder_column_inner fusion-builder-nested-column-3 fusion_builder_column_inner_5_6 5_6 fusion-flex-column\" style=\"--awb-padding-right:40px;--awb-bg-size:cover;--awb-width-large:83.333333333333%;--awb-spacing-right-large:1.746%;--awb-margin-bottom-large:0px;--awb-spacing-left-large:1.746%;--awb-width-medium:83.333333333333%;--awb-order-medium:0;--awb-spacing-right-medium:1.746%;--awb-spacing-left-medium:1.746%;--awb-width-small:100%;--awb-order-small:0;--awb-spacing-right-small:1.455%;--awb-margin-bottom-small:60px;--awb-spacing-left-small:1.455%;\"><div class=\"fusion-column-wrapper fusion-column-has-shadow fusion-flex-justify-content-flex-start fusion-content-layout-column\"><div class=\"fusion-title title fusion-title-4 fusion-sep-none fusion-title-text fusion-title-size-five\" style=\"--awb-margin-bottom:10px;\"><h5 class=\"fusion-title-heading title-heading-left fusion-responsive-typography-calculated\" style=\"margin:0;--fontSize:24;line-height:1.4;\">Fonctionnement du test final et \u00e9tablissement d&rsquo;un rapport<\/h5><\/div><div class=\"fusion-text fusion-text-4 fusion-text-no-margin\" style=\"--awb-font-size:var(--awb-typography5-font-size);--awb-line-height:var(--awb-typography5-line-height);--awb-letter-spacing:var(--awb-typography5-letter-spacing);--awb-text-transform:var(--awb-typography5-text-transform);--awb-margin-bottom:0px;--awb-text-font-family:var(--awb-typography5-font-family);--awb-text-font-weight:var(--awb-typography5-font-weight);--awb-text-font-style:var(--awb-typography5-font-style);\"><p>Nos mesures ne se contentent pas de collecter des donn\u00e9es, elles permettent \u00e9galement de comprendre l&rsquo;\u00e9tat de sant\u00e9 g\u00e9n\u00e9ral de votre syst\u00e8me. Chaque processus de test est document\u00e9 par une <strong>op\u00e9ration de test<\/strong> finale et un <strong>rapport de mesure<\/strong> d\u00e9taill\u00e9. Ces rapports fournissent une image claire des performances de votre ventilateur, des r\u00e9sultats identifi\u00e9s et de toute recommandation d&rsquo;am\u00e9lioration jug\u00e9e n\u00e9cessaire.<\/p>\n<\/div><\/div><\/div><div class=\"fusion-layout-column fusion_builder_column_inner fusion-builder-nested-column-4 fusion_builder_column_inner_1_6 1_6 fusion-flex-column\" style=\"--awb-padding-top:10px;--awb-padding-right:10px;--awb-bg-size:cover;--awb-width-large:16.666666666667%;--awb-spacing-right-large:8.73%;--awb-margin-bottom-large:0px;--awb-spacing-left-large:8.73%;--awb-width-medium:16.666666666667%;--awb-order-medium:0;--awb-spacing-right-medium:8.73%;--awb-spacing-left-medium:8.73%;--awb-width-small:100%;--awb-order-small:0;--awb-spacing-right-small:1.455%;--awb-spacing-left-small:1.455%;\"><div class=\"fusion-column-wrapper fusion-column-has-shadow fusion-flex-justify-content-flex-start fusion-content-layout-column\"><i class=\"fb-icon-element-3 fb-icon-element fontawesome-icon awb-recruitment-arrow circle-no fusion-text-flow\" style=\"--awb-iconcolor:var(--awb-custom_color_2);--awb-iconcolor-hover:var(--awb-color4);--awb-font-size:34px;--awb-margin-bottom:30px;\"><\/i><div class=\"fusion-separator fusion-full-width-sep\" style=\"align-self: center;margin-left: auto;margin-right: auto;margin-top:10px;margin-bottom:20px;width:100%;\"><div class=\"fusion-separator-border sep-single sep-solid\" style=\"--awb-height:20px;--awb-amount:20px;border-color:var(--awb-color3);border-top-width:1px;\"><\/div><\/div><\/div><\/div><div class=\"fusion-layout-column fusion_builder_column_inner fusion-builder-nested-column-5 fusion_builder_column_inner_5_6 5_6 fusion-flex-column\" style=\"--awb-padding-right:40px;--awb-bg-size:cover;--awb-width-large:83.333333333333%;--awb-spacing-right-large:1.746%;--awb-margin-bottom-large:0px;--awb-spacing-left-large:1.746%;--awb-width-medium:83.333333333333%;--awb-order-medium:0;--awb-spacing-right-medium:1.746%;--awb-spacing-left-medium:1.746%;--awb-width-small:100%;--awb-order-small:0;--awb-spacing-right-small:1.455%;--awb-spacing-left-small:1.455%;\"><div class=\"fusion-column-wrapper fusion-column-has-shadow fusion-flex-justify-content-flex-start fusion-content-layout-column\"><div class=\"fusion-title title fusion-title-5 fusion-sep-none fusion-title-text fusion-title-size-five\" style=\"--awb-margin-bottom:10px;\"><h5 class=\"fusion-title-heading title-heading-left fusion-responsive-typography-calculated\" style=\"margin:0;--fontSize:24;line-height:1.4;\">D\u00e9pannage et maintenance pr\u00e9ventive<\/h5><\/div><div class=\"fusion-text fusion-text-5 fusion-text-no-margin\" style=\"--awb-font-size:var(--awb-typography5-font-size);--awb-line-height:var(--awb-typography5-line-height);--awb-letter-spacing:var(--awb-typography5-letter-spacing);--awb-text-transform:var(--awb-typography5-text-transform);--awb-margin-bottom:0px;--awb-text-font-family:var(--awb-typography5-font-family);--awb-text-font-weight:var(--awb-typography5-font-weight);--awb-text-font-style:var(--awb-typography5-font-style);\"><p>L&rsquo;\u00e9quipe d&rsquo;experts d&rsquo;Efsan Makina est en mesure d&rsquo;identifier et de pr\u00e9venir les erreurs op\u00e9rationnelles sans causer de temps d&rsquo;arr\u00eat en utilisant les mesures de l&rsquo;\u00e9quilibre et d&rsquo;autres donn\u00e9es obtenues. En fait, nous pouvons m\u00eame <strong>ajuster l&rsquo;\u00e9quilibre sans arr\u00eater les ventilateurs<\/strong> en fonction de la situation. Cette approche permet de prolonger consid\u00e9rablement la dur\u00e9e de vie de vos ventilateurs, tout en minimisant les co\u00fbts li\u00e9s aux arr\u00eats non planifi\u00e9s.<\/p>\n<p><strong>Contr\u00f4lez en toute s\u00e9curit\u00e9 les performances de vos syst\u00e8mes de ventilation gr\u00e2ce aux services d&rsquo;essai et de mesure d&rsquo;Efsan Makina. D\u00e9couvrez les solutions de test et de mesure les plus pr\u00e9cises pour votre installation en contactant notre \u00e9quipe d&rsquo;experts. <\/strong><\/p>\n<\/div><\/div><\/div><\/div><\/div><\/div><div class=\"fusion-layout-column fusion_builder_column fusion-builder-column-2 fusion_builder_column_1_3 1_3 fusion-flex-column fusion-flex-align-self-stretch\" style=\"--awb-padding-top-small:200px;--awb-padding-bottom-small:200px;--awb-overflow:hidden;--awb-bg-position:center center;--awb-bg-size:cover;--awb-border-radius:20px 20px 20px 20px;--awb-width-large:33.333333333333%;--awb-spacing-right-large:2.037%;--awb-margin-bottom-large:0px;--awb-spacing-left-large:2.037%;--awb-width-medium:33.333333333333%;--awb-order-medium:0;--awb-spacing-right-medium:2.037%;--awb-spacing-left-medium:2.037%;--awb-width-small:100%;--awb-order-small:1;--awb-spacing-right-small:1.455%;--awb-margin-bottom-small:48px;--awb-spacing-left-small:1.455%;\" data-scroll-devices=\"small-visibility,medium-visibility,large-visibility\"><div class=\"fusion-column-wrapper lazyload fusion-column-has-shadow fusion-flex-justify-content-flex-start fusion-content-layout-column fusion-column-has-bg-image\" data-bg-url=\"https:\/\/efsan.com\/wp-content\/uploads\/2025\/06\/test-olcum-banner.jpg\" data-bg=\"https:\/\/efsan.com\/wp-content\/uploads\/2025\/06\/test-olcum-banner.jpg\"><div class=\"fusion-separator fusion-full-width-sep\" style=\"align-self: center;margin-left: auto;margin-right: auto;width:100%;\"><\/div><\/div><\/div><\/div><\/div><div class=\"fusion-fullwidth fullwidth-box fusion-builder-row-3 fusion-flex-container has-pattern-background has-mask-background nonhundred-percent-fullwidth non-hundred-percent-height-scrolling\" style=\"--awb-border-radius-top-left:0px;--awb-border-radius-top-right:0px;--awb-border-radius-bottom-right:0px;--awb-border-radius-bottom-left:0px;--awb-padding-top:20px;--awb-padding-bottom:20px;--awb-flex-wrap:wrap;\" ><div class=\"fusion-builder-row fusion-row fusion-flex-align-items-flex-start fusion-flex-content-wrap\" style=\"max-width:1442px;margin-left: calc(-3% \/ 2 );margin-right: calc(-3% \/ 2 );\"><div class=\"fusion-layout-column fusion_builder_column fusion-builder-column-3 fusion_builder_column_1_1 1_1 fusion-flex-column\" style=\"--awb-padding-top:64px;--awb-padding-right:80px;--awb-padding-bottom:64px;--awb-padding-left:80px;--awb-padding-top-small:48px;--awb-padding-right-small:64px;--awb-padding-bottom-small:48px;--awb-padding-left-small:64px;--awb-overflow:hidden;--awb-bg-color:var(--awb-color4);--awb-bg-color-hover:var(--awb-color4);--awb-bg-position:center center;--awb-bg-blend:multiply;--awb-bg-size:cover;--awb-border-radius:20px 20px 20px 20px;--awb-width-large:100%;--awb-spacing-right-large:1.455%;--awb-margin-bottom-large:0px;--awb-spacing-left-large:1.455%;--awb-width-medium:100%;--awb-order-medium:0;--awb-spacing-right-medium:1.455%;--awb-spacing-left-medium:1.455%;--awb-width-small:100%;--awb-order-small:0;--awb-spacing-right-small:1.455%;--awb-spacing-left-small:1.455%;\" data-scroll-devices=\"small-visibility,medium-visibility,large-visibility\"><div class=\"fusion-column-wrapper lazyload fusion-column-has-shadow fusion-flex-justify-content-flex-start fusion-content-layout-column fusion-column-has-bg-image\" data-bg-url=\"https:\/\/efsan.com\/wp-content\/uploads\/2024\/11\/cta-bg-1.png\" data-bg=\"https:\/\/efsan.com\/wp-content\/uploads\/2024\/11\/cta-bg-1.png\"><div class=\"fusion-title title fusion-title-6 fusion-sep-none fusion-title-text fusion-title-size-three\" style=\"--awb-text-color:var(--awb-color1);--awb-margin-bottom:32px;--awb-margin-bottom-small:40px;\"><h3 class=\"fusion-title-heading title-heading-left fusion-responsive-typography-calculated\" style=\"margin:0;--fontSize:36;line-height:var(--awb-typography1-line-height);\">Rendement \u00e9lev\u00e9, r\u00e9sistance maximale ! D\u00e9couvrez la technologie des ventilateurs Efsan Makina pour vos solutions industrielles.<\/h3><\/div><div class=\"fusion-builder-row fusion-builder-row-inner fusion-row fusion-flex-align-items-flex-start fusion-flex-content-wrap\" style=\"width:103% !important;max-width:103% !important;margin-left: calc(-3% \/ 2 );margin-right: calc(-3% \/ 2 );\"><div class=\"fusion-layout-column fusion_builder_column_inner fusion-builder-nested-column-6 fusion-flex-column fusion-flex-align-self-center\" style=\"--awb-padding-bottom:15px;--awb-bg-size:cover;--awb-width-large:32%;--awb-spacing-right-large:4.546875%;--awb-margin-bottom-large:0px;--awb-spacing-left-large:4.546875%;--awb-width-medium:32%;--awb-order-medium:0;--awb-spacing-right-medium:4.546875%;--awb-spacing-left-medium:4.546875%;--awb-width-small:100%;--awb-order-small:0;--awb-spacing-right-small:1.455%;--awb-spacing-left-small:1.455%;\"><div class=\"fusion-column-wrapper fusion-column-has-shadow fusion-flex-justify-content-flex-start fusion-content-layout-column\"><div ><a class=\"fusion-button button-flat fusion-button-default-size button-custom fusion-button-default button-1 fusion-button-default-span fusion-button-default-type awb-b-icon-pos-right\" style=\"--button_accent_color:var(--awb-color1);--button_accent_hover_color:var(--awb-color6);--button_border_hover_color:var(--awb-color1);--button_gradient_top_color:var(--awb-color6);--button_gradient_bottom_color:var(--awb-color6);--button_gradient_top_color_hover:var(--awb-color7);--button_gradient_bottom_color_hover:var(--awb-color7);\" target=\"_self\" data-hover=\"icon_position\" href=\"#\"><span class=\"fusion-button-text awb-button__text awb-button__text--default\">T\u00e9l\u00e9charger le catalogue Pdf<\/span><i class=\"awb-recruitment-arrow-btn awb-button__icon awb-button__icon--default button-icon-right\" aria-hidden=\"true\"><\/i><i class=\"awb-recruitment-arrow-btn awb-button__icon awb-button__icon--default button-icon-right\" aria-hidden=\"true\"><\/i><\/a><\/div><\/div><\/div><div class=\"fusion-layout-column fusion_builder_column_inner fusion-builder-nested-column-7 fusion-flex-column\" style=\"--awb-padding-top:8px;--awb-bg-size:cover;--awb-width-large:65%;--awb-spacing-right-large:2.2384615384615%;--awb-margin-bottom-large:0px;--awb-spacing-left-large:2.2384615384615%;--awb-width-medium:65%;--awb-order-medium:0;--awb-spacing-right-medium:2.2384615384615%;--awb-spacing-left-medium:2.2384615384615%;--awb-width-small:100%;--awb-order-small:0;--awb-spacing-right-small:1.455%;--awb-spacing-left-small:1.455%;\"><div class=\"fusion-column-wrapper fusion-column-has-shadow fusion-flex-justify-content-flex-start fusion-content-layout-column\"><div class=\"fusion-title title fusion-title-7 fusion-sep-none fusion-title-text fusion-title-size-div\" style=\"--awb-text-color:var(--awb-color1);--awb-margin-top:10px;--awb-margin-bottom:10px;--awb-margin-bottom-small:15px;--awb-font-size:23px;\"><div class=\"fusion-title-heading title-heading-left title-heading-tag fusion-responsive-typography-calculated\" style=\"font-family:var(--awb-typography1-font-family);font-weight:var(--awb-typography1-font-weight);font-style:var(--awb-typography1-font-style);margin:0;font-size:1em;letter-spacing:var(--awb-typography1-letter-spacing);text-transform:var(--awb-typography1-text-transform);--fontSize:23;line-height:var(--awb-typography1-line-height);\">Appelez-nous. Obtenez un devis imm\u00e9diatement ! +90 258 264 00 76 - info@efsan.com<\/div><\/div><\/div><\/div><\/div><\/div><\/div><\/div><\/div><\/p>\n","protected":false},"excerpt":{"rendered":"","protected":false},"author":4,"featured_media":0,"parent":7936,"menu_order":0,"comment_status":"closed","ping_status":"closed","template":"100-width.php","meta":{"footnotes":""},"class_list":["post-8038","page","type-page","status-publish","hentry"],"_links":{"self":[{"href":"https:\/\/efsan.com\/fr\/wp-json\/wp\/v2\/pages\/8038","targetHints":{"allow":["GET"]}}],"collection":[{"href":"https:\/\/efsan.com\/fr\/wp-json\/wp\/v2\/pages"}],"about":[{"href":"https:\/\/efsan.com\/fr\/wp-json\/wp\/v2\/types\/page"}],"author":[{"embeddable":true,"href":"https:\/\/efsan.com\/fr\/wp-json\/wp\/v2\/users\/4"}],"replies":[{"embeddable":true,"href":"https:\/\/efsan.com\/fr\/wp-json\/wp\/v2\/comments?post=8038"}],"version-history":[{"count":6,"href":"https:\/\/efsan.com\/fr\/wp-json\/wp\/v2\/pages\/8038\/revisions"}],"predecessor-version":[{"id":11022,"href":"https:\/\/efsan.com\/fr\/wp-json\/wp\/v2\/pages\/8038\/revisions\/11022"}],"up":[{"embeddable":true,"href":"https:\/\/efsan.com\/fr\/wp-json\/wp\/v2\/pages\/7936"}],"wp:attachment":[{"href":"https:\/\/efsan.com\/fr\/wp-json\/wp\/v2\/media?parent=8038"}],"curies":[{"name":"wp","href":"https:\/\/api.w.org\/{rel}","templated":true}]}}