{"id":7958,"date":"2025-01-15T21:43:26","date_gmt":"2025-01-15T18:43:26","guid":{"rendered":"https:\/\/efsan.com\/services\/assemblage-mise-en-service\/"},"modified":"2025-11-06T13:10:16","modified_gmt":"2025-11-06T10:10:16","slug":"assemblage-mise-en-service","status":"publish","type":"page","link":"https:\/\/efsan.com\/fr\/services\/assemblage-mise-en-service\/","title":{"rendered":"Assemblage \/ Mise en service"},"content":{"rendered":"<p><div class=\"fusion-fullwidth fullwidth-box fusion-builder-row-1 fusion-flex-container has-pattern-background has-mask-background hundred-percent-fullwidth non-hundred-percent-height-scrolling\" style=\"--awb-border-radius-top-left:0px;--awb-border-radius-top-right:0px;--awb-border-radius-bottom-right:0px;--awb-border-radius-bottom-left:0px;--awb-padding-right:72px;--awb-padding-left:72px;--awb-padding-right-small:30px;--awb-padding-left-small:30px;--awb-flex-wrap:wrap;\" ><div class=\"fusion-builder-row fusion-row fusion-flex-align-items-flex-start fusion-flex-content-wrap\" style=\"width:103% !important;max-width:103% !important;margin-left: calc(-3% \/ 2 );margin-right: calc(-3% \/ 2 );\"><div class=\"fusion-layout-column fusion_builder_column fusion-builder-column-0 fusion_builder_column_1_1 1_1 fusion-flex-column\" style=\"--awb-padding-top:120px;--awb-padding-right:72px;--awb-padding-bottom:120px;--awb-padding-left:72px;--awb-padding-bottom-medium:72px;--awb-padding-bottom-small:80px;--awb-overflow:hidden;--awb-bg-image:linear-gradient(180deg, rgba(43,43,43,0.5) 0%,rgba(43,43,43,0.5) 100%);;--awb-bg-position:center center;--awb-bg-size:cover;--awb-border-radius:20px 20px 20px 20px;--awb-width-large:100%;--awb-spacing-right-large:1.455%;--awb-margin-bottom-large:0px;--awb-spacing-left-large:1.455%;--awb-width-medium:100%;--awb-order-medium:0;--awb-spacing-right-medium:1.455%;--awb-margin-bottom-medium:40px;--awb-spacing-left-medium:1.455%;--awb-width-small:100%;--awb-order-small:0;--awb-spacing-right-small:1.455%;--awb-spacing-left-small:1.455%;\" data-scroll-devices=\"small-visibility,medium-visibility,large-visibility\"><div class=\"fusion-column-wrapper lazyload fusion-column-has-shadow fusion-flex-justify-content-flex-start fusion-content-layout-column fusion-column-has-bg-image\" data-bg-url=\"https:\/\/efsan.com\/wp-content\/uploads\/2025\/05\/hizmetler-banner.webp\" data-bg=\"https:\/\/efsan.com\/wp-content\/uploads\/2025\/05\/hizmetler-banner.webp\" data-bg-gradient=\"linear-gradient(180deg, rgba(43,43,43,0.5) 0%,rgba(43,43,43,0.5) 100%)\"><div class=\"fusion-title title fusion-title-1 fusion-sep-none fusion-title-center fusion-title-text fusion-title-size-one\" style=\"--awb-text-color:var(--awb-color1);--awb-font-size:52px;\"><h1 class=\"fusion-title-heading title-heading-center fusion-responsive-typography-calculated\" style=\"margin:0;font-size:1em;--fontSize:52;line-height:var(--awb-typography1-line-height);\">Service d&rsquo;assemblage \/ de mise en service<\/h1><\/div><nav class=\"fusion-breadcrumbs fusion-breadcrumbs-1\" style=\"--awb-margin-bottom:12px;--awb-alignment:center;--awb-text-color:var(--awb-color1);--awb-breadcrumb-sep:&#039;|&#039;;text-align:center;\" aria-label=\"Breadcrumb\"><ol class=\"awb-breadcrumb-list\"><\/ol><\/nav><\/div><\/div><\/div><\/div><div class=\"fusion-fullwidth fullwidth-box fusion-builder-row-2 fusion-flex-container has-pattern-background has-mask-background nonhundred-percent-fullwidth non-hundred-percent-height-scrolling\" style=\"--awb-border-radius-top-left:0px;--awb-border-radius-top-right:0px;--awb-border-radius-bottom-right:0px;--awb-border-radius-bottom-left:0px;--awb-padding-top:20px;--awb-padding-bottom:20px;--awb-flex-wrap:wrap;\" ><div class=\"fusion-builder-row fusion-row fusion-flex-align-items-flex-start fusion-flex-content-wrap\" style=\"max-width:1442px;margin-left: calc(-3% \/ 2 );margin-right: calc(-3% \/ 2 );\"><div class=\"fusion-layout-column fusion_builder_column fusion-builder-column-1 fusion_builder_column_2_3 2_3 fusion-flex-column\" style=\"--awb-padding-top:20px;--awb-padding-right:10px;--awb-padding-left:10px;--awb-padding-right-small:0px;--awb-padding-left-small:0px;--awb-bg-size:cover;--awb-width-large:66.666666666667%;--awb-spacing-right-large:0.7275%;--awb-margin-bottom-large:0px;--awb-spacing-left-large:0.7275%;--awb-width-medium:66.666666666667%;--awb-order-medium:0;--awb-spacing-right-medium:0.7275%;--awb-spacing-left-medium:0.7275%;--awb-width-small:100%;--awb-order-small:2;--awb-spacing-right-small:1.455%;--awb-margin-bottom-small:60px;--awb-spacing-left-small:1.455%;\"><div class=\"fusion-column-wrapper fusion-column-has-shadow fusion-flex-justify-content-flex-start fusion-content-layout-column\"><div class=\"fusion-text fusion-text-1 fusion-text-no-margin\" style=\"--awb-font-size:var(--awb-typography2-font-size);--awb-line-height:var(--awb-typography2-line-height);--awb-letter-spacing:var(--awb-typography2-letter-spacing);--awb-text-transform:var(--awb-typography2-text-transform);--awb-margin-bottom:20px;--awb-text-font-family:var(--awb-typography2-font-family);--awb-text-font-weight:var(--awb-typography2-font-weight);--awb-text-font-style:var(--awb-typography2-font-style);\"><p>25 ans d&rsquo;exp\u00e9rience et d&rsquo;ing\u00e9nierie pour g\u00e9rer la technologie de l&rsquo;air<\/p>\n<\/div><div class=\"fusion-title title fusion-title-2 fusion-sep-none fusion-title-text fusion-title-size-two\" style=\"--awb-margin-bottom-small:30px;\"><h2 class=\"fusion-title-heading title-heading-left fusion-responsive-typography-calculated\" style=\"margin:0;--fontSize:42;line-height:var(--awb-typography1-line-height);\">Assemblage \/ Mise en service<\/h2><\/div><div class=\"fusion-text fusion-text-2 fusion-text-no-margin\" style=\"--awb-margin-bottom:12px;\"><p>En tant qu&rsquo;Efsan Makina, nous offrons bien plus que la fourniture de vos syst\u00e8mes de ventilation industrielle. Nous assurons l&rsquo;ensemble de la gestion et de la responsabilit\u00e9 des processus d&rsquo;<strong>assemblage et de mise en service<\/strong>, qui sont essentiels au fonctionnement correct, s\u00fbr et efficace d&rsquo;un nouveau ventilateur ou d&rsquo;un syst\u00e8me r\u00e9vis\u00e9. D\u00e8s le d\u00e9but de vos projets, nous travaillons m\u00e9ticuleusement pour garantir le bon fonctionnement de vos syst\u00e8mes.<\/p>\n<\/div><div class=\"fusion-builder-row fusion-builder-row-inner fusion-row fusion-flex-align-items-flex-start fusion-flex-content-wrap\" style=\"width:103% !important;max-width:103% !important;margin-left: calc(-3% \/ 2 );margin-right: calc(-3% \/ 2 );\"><div class=\"fusion-layout-column fusion_builder_column_inner fusion-builder-nested-column-0 fusion_builder_column_inner_1_6 1_6 fusion-flex-column\" style=\"--awb-padding-top:10px;--awb-padding-right:10px;--awb-bg-size:cover;--awb-width-large:16.666666666667%;--awb-spacing-right-large:8.73%;--awb-margin-bottom-large:0px;--awb-spacing-left-large:8.73%;--awb-width-medium:16.666666666667%;--awb-order-medium:0;--awb-spacing-right-medium:8.73%;--awb-spacing-left-medium:8.73%;--awb-width-small:100%;--awb-order-small:0;--awb-spacing-right-small:1.455%;--awb-spacing-left-small:1.455%;\"><div class=\"fusion-column-wrapper fusion-column-has-shadow fusion-flex-justify-content-flex-start fusion-content-layout-column\"><i class=\"fb-icon-element-1 fb-icon-element fontawesome-icon awb-recruitment-arrow circle-no fusion-text-flow\" style=\"--awb-iconcolor:var(--awb-custom_color_2);--awb-iconcolor-hover:var(--awb-color4);--awb-font-size:34px;--awb-margin-bottom:30px;\"><\/i><div class=\"fusion-separator fusion-full-width-sep\" style=\"align-self: center;margin-left: auto;margin-right: auto;margin-top:10px;margin-bottom:20px;width:100%;\"><div class=\"fusion-separator-border sep-single sep-solid\" style=\"--awb-height:20px;--awb-amount:20px;border-color:var(--awb-color3);border-top-width:1px;\"><\/div><\/div><\/div><\/div><div class=\"fusion-layout-column fusion_builder_column_inner fusion-builder-nested-column-1 fusion_builder_column_inner_5_6 5_6 fusion-flex-column\" style=\"--awb-padding-right:40px;--awb-bg-size:cover;--awb-width-large:83.333333333333%;--awb-spacing-right-large:1.746%;--awb-margin-bottom-large:0px;--awb-spacing-left-large:1.746%;--awb-width-medium:83.333333333333%;--awb-order-medium:0;--awb-spacing-right-medium:1.746%;--awb-spacing-left-medium:1.746%;--awb-width-small:100%;--awb-order-small:0;--awb-spacing-right-small:1.455%;--awb-margin-bottom-small:60px;--awb-spacing-left-small:1.455%;\"><div class=\"fusion-column-wrapper fusion-column-has-shadow fusion-flex-justify-content-flex-start fusion-content-layout-column\"><div class=\"fusion-title title fusion-title-3 fusion-sep-none fusion-title-text fusion-title-size-five\" style=\"--awb-margin-bottom:10px;\"><h5 class=\"fusion-title-heading title-heading-left fusion-responsive-typography-calculated\" style=\"margin:0;--fontSize:24;line-height:1.4;\">Une gestion professionnelle du d\u00e9but \u00e0 la fin<\/h5><\/div><div class=\"fusion-text fusion-text-3 fusion-text-no-margin\" style=\"--awb-font-size:var(--awb-typography5-font-size);--awb-line-height:var(--awb-typography5-line-height);--awb-letter-spacing:var(--awb-typography5-letter-spacing);--awb-text-transform:var(--awb-typography5-text-transform);--awb-margin-bottom:0px;--awb-text-font-family:var(--awb-typography5-font-family);--awb-text-font-weight:var(--awb-typography5-font-weight);--awb-text-font-style:var(--awb-typography5-font-style);\"><p>Nous utilisons les m\u00e9thodes les plus modernes pour acc\u00e9l\u00e9rer le processus d&rsquo;installation et de mise en service de vos syst\u00e8mes de ventilation et garantir leur efficacit\u00e9. Notre \u00e9quipe exp\u00e9riment\u00e9e garantit \u00e0 chaque \u00e9tape de votre projet<\/p>\n<ul>\n<li><strong>Planification d\u00e9taill\u00e9e :<\/strong> Nous minimisons les perturbations possibles en planifiant les \u00e9tapes de montage et de mise en service dans les moindres d\u00e9tails.<\/li>\n<li><strong>Des m\u00e9thodes de test modernes :<\/strong> D\u00e8s le d\u00e9but du processus d&rsquo;installation, nous utilisons des \u00e9quipements et des m\u00e9thodes de test avanc\u00e9s pour contr\u00f4ler les performances et la compatibilit\u00e9 de vos ventilateurs. Nous garantissons ainsi que votre syst\u00e8me fonctionnera avec une efficacit\u00e9 maximale lors de sa mise en service.<\/li>\n<li><strong>Inspection et surveillance sur place :<\/strong> Gr\u00e2ce \u00e0 des observations continues pendant la p\u00e9riode de travail, nous nous assurons que votre syst\u00e8me fonctionne de mani\u00e8re optimale et nous proc\u00e9dons imm\u00e9diatement aux ajustements n\u00e9cessaires.<\/li>\n<\/ul>\n<\/div><\/div><\/div><div class=\"fusion-layout-column fusion_builder_column_inner fusion-builder-nested-column-2 fusion_builder_column_inner_1_6 1_6 fusion-flex-column\" style=\"--awb-padding-top:10px;--awb-padding-right:10px;--awb-bg-size:cover;--awb-width-large:16.666666666667%;--awb-spacing-right-large:8.73%;--awb-margin-bottom-large:0px;--awb-spacing-left-large:8.73%;--awb-width-medium:16.666666666667%;--awb-order-medium:0;--awb-spacing-right-medium:8.73%;--awb-spacing-left-medium:8.73%;--awb-width-small:100%;--awb-order-small:0;--awb-spacing-right-small:1.455%;--awb-spacing-left-small:1.455%;\"><div class=\"fusion-column-wrapper fusion-column-has-shadow fusion-flex-justify-content-flex-start fusion-content-layout-column\"><i class=\"fb-icon-element-2 fb-icon-element fontawesome-icon awb-recruitment-arrow circle-no fusion-text-flow\" style=\"--awb-iconcolor:var(--awb-custom_color_2);--awb-iconcolor-hover:var(--awb-color4);--awb-font-size:34px;--awb-margin-bottom:30px;\"><\/i><div class=\"fusion-separator fusion-full-width-sep\" style=\"align-self: center;margin-left: auto;margin-right: auto;margin-top:10px;margin-bottom:20px;width:100%;\"><div class=\"fusion-separator-border sep-single sep-solid\" style=\"--awb-height:20px;--awb-amount:20px;border-color:var(--awb-color3);border-top-width:1px;\"><\/div><\/div><\/div><\/div><div class=\"fusion-layout-column fusion_builder_column_inner fusion-builder-nested-column-3 fusion_builder_column_inner_5_6 5_6 fusion-flex-column\" style=\"--awb-padding-right:40px;--awb-bg-size:cover;--awb-width-large:83.333333333333%;--awb-spacing-right-large:1.746%;--awb-margin-bottom-large:0px;--awb-spacing-left-large:1.746%;--awb-width-medium:83.333333333333%;--awb-order-medium:0;--awb-spacing-right-medium:1.746%;--awb-spacing-left-medium:1.746%;--awb-width-small:100%;--awb-order-small:0;--awb-spacing-right-small:1.455%;--awb-margin-bottom-small:60px;--awb-spacing-left-small:1.455%;\"><div class=\"fusion-column-wrapper fusion-column-has-shadow fusion-flex-justify-content-flex-start fusion-content-layout-column\"><div class=\"fusion-title title fusion-title-4 fusion-sep-none fusion-title-text fusion-title-size-five\" style=\"--awb-margin-bottom:10px;\"><h5 class=\"fusion-title-heading title-heading-left fusion-responsive-typography-calculated\" style=\"margin:0;--fontSize:24;line-height:1.4;\">Connaissances d&rsquo;experts et soutien complet<\/h5><\/div><div class=\"fusion-text fusion-text-4 fusion-text-no-margin\" style=\"--awb-font-size:var(--awb-typography5-font-size);--awb-line-height:var(--awb-typography5-line-height);--awb-letter-spacing:var(--awb-typography5-letter-spacing);--awb-text-transform:var(--awb-typography5-text-transform);--awb-margin-bottom:0px;--awb-text-font-family:var(--awb-typography5-font-family);--awb-text-font-weight:var(--awb-typography5-font-weight);--awb-text-font-style:var(--awb-typography5-font-style);\"><p>Notre personnel dispose des connaissances les plus r\u00e9centes dans le secteur et d&rsquo;une comp\u00e9tence professionnelle dans l&rsquo;utilisation de tous les \u00e9quipements d&rsquo;essai. De cette mani\u00e8re, nous vous offrons un soutien pr\u00e9cieux non seulement dans l&rsquo;assemblage, mais aussi dans les processus op\u00e9rationnels :<\/p>\n<ul>\n<li><strong>Informations techniques :<\/strong> nous vous aidons \u00e0 int\u00e9grer correctement votre syst\u00e8me en vous fournissant des informations d\u00e9taill\u00e9es sur les pipelines, les connexions \u00e9lectriques et autres infrastructures critiques.<\/li>\n<li><strong>Conseils pour une utilisation efficace :<\/strong> Nous vous donnons des conseils pratiques pour optimiser l&rsquo;efficacit\u00e9 de vos syst\u00e8mes de ventilation.<\/li>\n<li><strong>Un service d&rsquo;assistance technique ininterrompu :<\/strong> Nous sommes \u00e0 vos c\u00f4t\u00e9s pour tous les types de probl\u00e8mes techniques qui peuvent survenir au cours de l&rsquo;exploitation. Gr\u00e2ce \u00e0 notre r\u00e9seau de services en expansion et \u00e0 notre position de distributeur r\u00e9gional de nombreuses marques, notre assistance technique se poursuit sans interruption.<\/li>\n<\/ul>\n<p>Avec le <strong>service d&rsquo;installation et de mise en service d&rsquo;<\/strong> Efsan Makina, vous avez l&rsquo;assurance que vos syst\u00e8mes de ventilation sont install\u00e9s en toute s\u00e9curit\u00e9 et qu&rsquo;ils commencent \u00e0 fonctionner de la mani\u00e8re la plus efficace possible. Vous pouvez compter sur nous pour que votre projet d\u00e9marre en douceur et reste performant pendant de nombreuses ann\u00e9es.<\/p>\n<\/div><\/div><\/div><\/div><\/div><\/div><div class=\"fusion-layout-column fusion_builder_column fusion-builder-column-2 fusion_builder_column_1_3 1_3 fusion-flex-column fusion-flex-align-self-stretch\" style=\"--awb-padding-top-small:200px;--awb-padding-bottom-small:200px;--awb-overflow:hidden;--awb-bg-position:center center;--awb-bg-size:cover;--awb-border-radius:20px 20px 20px 20px;--awb-width-large:33.333333333333%;--awb-spacing-right-large:1.746%;--awb-margin-bottom-large:0px;--awb-spacing-left-large:1.746%;--awb-width-medium:33.333333333333%;--awb-order-medium:0;--awb-spacing-right-medium:1.746%;--awb-spacing-left-medium:1.746%;--awb-width-small:100%;--awb-order-small:1;--awb-spacing-right-small:1.455%;--awb-margin-bottom-small:48px;--awb-spacing-left-small:1.455%;\" data-scroll-devices=\"small-visibility,medium-visibility,large-visibility\"><div class=\"fusion-column-wrapper lazyload fusion-column-has-shadow fusion-flex-justify-content-flex-start fusion-content-layout-column fusion-column-has-bg-image\" data-bg-url=\"https:\/\/efsan.com\/wp-content\/uploads\/2025\/06\/montaj-devr-alma-banner.webp\" data-bg=\"https:\/\/efsan.com\/wp-content\/uploads\/2025\/06\/montaj-devr-alma-banner.webp\"><div class=\"fusion-separator fusion-full-width-sep\" style=\"align-self: center;margin-left: auto;margin-right: auto;width:100%;\"><\/div><\/div><\/div><\/div><\/div><div class=\"fusion-fullwidth fullwidth-box fusion-builder-row-3 fusion-flex-container has-pattern-background has-mask-background nonhundred-percent-fullwidth non-hundred-percent-height-scrolling\" style=\"--awb-border-radius-top-left:0px;--awb-border-radius-top-right:0px;--awb-border-radius-bottom-right:0px;--awb-border-radius-bottom-left:0px;--awb-padding-top:20px;--awb-padding-bottom:20px;--awb-flex-wrap:wrap;\" ><div class=\"fusion-builder-row fusion-row fusion-flex-align-items-flex-start fusion-flex-content-wrap\" style=\"max-width:1442px;margin-left: calc(-3% \/ 2 );margin-right: calc(-3% \/ 2 );\"><div class=\"fusion-layout-column fusion_builder_column fusion-builder-column-3 fusion_builder_column_1_1 1_1 fusion-flex-column\" style=\"--awb-padding-top:64px;--awb-padding-right:80px;--awb-padding-bottom:64px;--awb-padding-left:80px;--awb-padding-top-small:48px;--awb-padding-right-small:64px;--awb-padding-bottom-small:48px;--awb-padding-left-small:64px;--awb-overflow:hidden;--awb-bg-color:var(--awb-color4);--awb-bg-color-hover:var(--awb-color4);--awb-bg-position:center center;--awb-bg-blend:multiply;--awb-bg-size:cover;--awb-border-radius:20px 20px 20px 20px;--awb-width-large:100%;--awb-spacing-right-large:1.455%;--awb-margin-bottom-large:0px;--awb-spacing-left-large:1.455%;--awb-width-medium:100%;--awb-order-medium:0;--awb-spacing-right-medium:1.455%;--awb-spacing-left-medium:1.455%;--awb-width-small:100%;--awb-order-small:0;--awb-spacing-right-small:1.455%;--awb-spacing-left-small:1.455%;\" data-scroll-devices=\"small-visibility,medium-visibility,large-visibility\"><div class=\"fusion-column-wrapper lazyload fusion-column-has-shadow fusion-flex-justify-content-flex-start fusion-content-layout-column fusion-column-has-bg-image\" data-bg-url=\"https:\/\/efsan.com\/wp-content\/uploads\/2024\/11\/cta-bg-1.png\" data-bg=\"https:\/\/efsan.com\/wp-content\/uploads\/2024\/11\/cta-bg-1.png\"><div class=\"fusion-title title fusion-title-5 fusion-sep-none fusion-title-text fusion-title-size-three\" style=\"--awb-text-color:var(--awb-color1);--awb-margin-bottom:32px;--awb-margin-bottom-small:40px;\"><h3 class=\"fusion-title-heading title-heading-left fusion-responsive-typography-calculated\" style=\"margin:0;--fontSize:36;line-height:var(--awb-typography1-line-height);\">Rendement \u00e9lev\u00e9, r\u00e9sistance maximale ! D\u00e9couvrez la technologie des ventilateurs Efsan Makina pour vos solutions industrielles.<\/h3><\/div><div class=\"fusion-builder-row fusion-builder-row-inner fusion-row fusion-flex-align-items-flex-start fusion-flex-content-wrap\" style=\"width:103% !important;max-width:103% !important;margin-left: calc(-3% \/ 2 );margin-right: calc(-3% \/ 2 );\"><div class=\"fusion-layout-column fusion_builder_column_inner fusion-builder-nested-column-4 fusion-flex-column fusion-flex-align-self-center\" style=\"--awb-padding-bottom:15px;--awb-bg-size:cover;--awb-width-large:32%;--awb-spacing-right-large:4.546875%;--awb-margin-bottom-large:0px;--awb-spacing-left-large:4.546875%;--awb-width-medium:32%;--awb-order-medium:0;--awb-spacing-right-medium:4.546875%;--awb-spacing-left-medium:4.546875%;--awb-width-small:100%;--awb-order-small:0;--awb-spacing-right-small:1.455%;--awb-spacing-left-small:1.455%;\"><div class=\"fusion-column-wrapper fusion-column-has-shadow fusion-flex-justify-content-flex-start fusion-content-layout-column\"><div ><a class=\"fusion-button button-flat fusion-button-default-size button-custom fusion-button-default button-1 fusion-button-default-span fusion-button-default-type awb-b-icon-pos-right\" style=\"--button_accent_color:var(--awb-color1);--button_accent_hover_color:var(--awb-color6);--button_border_hover_color:var(--awb-color1);--button_gradient_top_color:var(--awb-color6);--button_gradient_bottom_color:var(--awb-color6);--button_gradient_top_color_hover:var(--awb-color7);--button_gradient_bottom_color_hover:var(--awb-color7);\" target=\"_self\" data-hover=\"icon_position\" href=\"#\"><span class=\"fusion-button-text awb-button__text awb-button__text--default\">T\u00e9l\u00e9charger le catalogue Pdf<\/span><i class=\"awb-recruitment-arrow-btn awb-button__icon awb-button__icon--default button-icon-right\" aria-hidden=\"true\"><\/i><i class=\"awb-recruitment-arrow-btn awb-button__icon awb-button__icon--default button-icon-right\" aria-hidden=\"true\"><\/i><\/a><\/div><\/div><\/div><div class=\"fusion-layout-column fusion_builder_column_inner fusion-builder-nested-column-5 fusion-flex-column\" style=\"--awb-padding-top:8px;--awb-bg-size:cover;--awb-width-large:65%;--awb-spacing-right-large:2.2384615384615%;--awb-margin-bottom-large:0px;--awb-spacing-left-large:2.2384615384615%;--awb-width-medium:65%;--awb-order-medium:0;--awb-spacing-right-medium:2.2384615384615%;--awb-spacing-left-medium:2.2384615384615%;--awb-width-small:100%;--awb-order-small:0;--awb-spacing-right-small:1.455%;--awb-spacing-left-small:1.455%;\"><div class=\"fusion-column-wrapper fusion-column-has-shadow fusion-flex-justify-content-flex-start fusion-content-layout-column\"><div class=\"fusion-title title fusion-title-6 fusion-sep-none fusion-title-text fusion-title-size-div\" style=\"--awb-text-color:var(--awb-color1);--awb-margin-top:10px;--awb-margin-bottom:10px;--awb-margin-bottom-small:15px;--awb-font-size:23px;\"><div class=\"fusion-title-heading title-heading-left title-heading-tag fusion-responsive-typography-calculated\" style=\"font-family:var(--awb-typography1-font-family);font-weight:var(--awb-typography1-font-weight);font-style:var(--awb-typography1-font-style);margin:0;font-size:1em;letter-spacing:var(--awb-typography1-letter-spacing);text-transform:var(--awb-typography1-text-transform);--fontSize:23;line-height:var(--awb-typography1-line-height);\">Appelez-nous. Obtenez un devis imm\u00e9diatement ! +90 258 264 00 76 - info@efsan.com<\/div><\/div><\/div><\/div><\/div><\/div><\/div><\/div><\/div><\/p>\n","protected":false},"excerpt":{"rendered":"","protected":false},"author":4,"featured_media":0,"parent":7936,"menu_order":0,"comment_status":"closed","ping_status":"closed","template":"100-width.php","meta":{"footnotes":""},"class_list":["post-7958","page","type-page","status-publish","hentry"],"_links":{"self":[{"href":"https:\/\/efsan.com\/fr\/wp-json\/wp\/v2\/pages\/7958","targetHints":{"allow":["GET"]}}],"collection":[{"href":"https:\/\/efsan.com\/fr\/wp-json\/wp\/v2\/pages"}],"about":[{"href":"https:\/\/efsan.com\/fr\/wp-json\/wp\/v2\/types\/page"}],"author":[{"embeddable":true,"href":"https:\/\/efsan.com\/fr\/wp-json\/wp\/v2\/users\/4"}],"replies":[{"embeddable":true,"href":"https:\/\/efsan.com\/fr\/wp-json\/wp\/v2\/comments?post=7958"}],"version-history":[{"count":6,"href":"https:\/\/efsan.com\/fr\/wp-json\/wp\/v2\/pages\/7958\/revisions"}],"predecessor-version":[{"id":11013,"href":"https:\/\/efsan.com\/fr\/wp-json\/wp\/v2\/pages\/7958\/revisions\/11013"}],"up":[{"embeddable":true,"href":"https:\/\/efsan.com\/fr\/wp-json\/wp\/v2\/pages\/7936"}],"wp:attachment":[{"href":"https:\/\/efsan.com\/fr\/wp-json\/wp\/v2\/media?parent=7958"}],"curies":[{"name":"wp","href":"https:\/\/api.w.org\/{rel}","templated":true}]}}